{"id":176,"date":"2024-05-23T12:32:17","date_gmt":"2024-05-23T12:32:17","guid":{"rendered":"https:\/\/royal-panda.win\/?page_id=176"},"modified":"2025-08-11T13:02:23","modified_gmt":"2025-08-11T13:02:23","slug":"royal-panda-casino-live-y-juegos-de-tragamonedas","status":"publish","type":"page","link":"https:\/\/royal-panda.win\/es\/","title":{"rendered":"Royal Panda \u2013 Casino live y juegos de tragamonedas"},"content":{"rendered":"<p><img fetchpriority=\"high\" decoding=\"async\" src=\"\/wp-content\/uploads\/2024\/11\/main-bonus.webp\" alt=\"bono principal\" width=\"1889\" height=\"547\" class=\"aligncenter size-full wp-image-21\" srcset=\"https:\/\/royal-panda.win\/wp-content\/uploads\/2024\/11\/main-bonus.webp 1889w, https:\/\/royal-panda.win\/wp-content\/uploads\/2024\/11\/main-bonus-300x87.webp 300w, https:\/\/royal-panda.win\/wp-content\/uploads\/2024\/11\/main-bonus-1024x297.webp 1024w, https:\/\/royal-panda.win\/wp-content\/uploads\/2024\/11\/main-bonus-768x222.webp 768w, https:\/\/royal-panda.win\/wp-content\/uploads\/2024\/11\/main-bonus-1536x445.webp 1536w, https:\/\/royal-panda.win\/wp-content\/uploads\/2024\/11\/main-bonus-1450x420.webp 1450w, https:\/\/royal-panda.win\/wp-content\/uploads\/2024\/11\/main-bonus-640x185.webp 640w, https:\/\/royal-panda.win\/wp-content\/uploads\/2024\/11\/main-bonus-681x197.webp 681w\" sizes=\"(max-width: 1889px) 100vw, 1889px\" \/><\/p>\n<div class=\"auth-buttons\"><a href=\"\/play\/\" class=\"auth-button login-button\">INICIAR SESI\u00d3N<\/a><a href=\"\/play\/\" class=\"auth-button signup-button\">REGISTRARSE<\/a><\/div>\n<p>\u00bfBuscas un casino en l\u00ednea confiable? Det\u00e9n la b\u00fasqueda y elige \u00a1Royal Panda Casino! Es un operador canadiense con licencia y regulaci\u00f3n que ofrece miles de tragamonedas, una secci\u00f3n de casino en vivo y una variedad de bonos. Royal Panda se asocia con proveedores de primer nivel como NetEnt y Evolution.<\/p>\n<table>\n<tr>\n<th>\ud83d\udcc5 A\u00f1o de fundaci\u00f3n<\/th>\n<td>2014<\/td>\n<\/tr>\n<tr>\n<th>\ud83d\udee1 Licencia<\/th>\n<td>Regulado por la Alcohol and Gaming Commission of Ontario y la Malta Gaming Authority<\/td>\n<\/tr>\n<tr>\n<th>\ud83c\udfae N\u00famero de juegos<\/th>\n<td>M\u00e1s de 2.000 juegos de casino<\/td>\n<\/tr>\n<tr>\n<th>\ud83c\udf81 Oferta de bienvenida<\/th>\n<td>Bono de bienvenida del casino: $1.000 + 300 giros gratis<br \/>Bono de bienvenida del casino en vivo: $1.000 + $15 en juegos de Evolution<\/td>\n<\/tr>\n<tr>\n<th>\ud83d\udcb3 M\u00e9todos de pago<\/th>\n<td>Visa, Mastercard, transferencia bancaria, Interac, Skrill, Neosurf, Apple Pay y Paysafecard<\/td>\n<\/tr>\n<tr>\n<th>\ud83d\udcf1 Compatibilidad m\u00f3vil<\/th>\n<td>Plataforma optimizada para dispositivos m\u00f3viles<\/td>\n<\/tr>\n<tr>\n<th>\ud83d\udcde Soporte al cliente<\/th>\n<td>Chat en vivo<\/td>\n<\/tr>\n<\/table>\n<h2>\ud83d\udc3c Panorama y funciones del sitio de Royal Panda<\/h2>\n<p>El operador ha construido una s\u00f3lida reputaci\u00f3n como uno de los mejores casinos en l\u00ednea internacionales desde su lanzamiento en 2014. Es 100% legal bajo las licencias de la Alcohol and Gaming Commission of Ontario y la Malta Gaming Authority. Estas son algunas de las funciones principales de Royal Panda:<\/p>\n<p>\u27a7 Oferta de bienvenida flexible. Puedes elegir entre un bono de $1.000 en tragamonedas + 300 giros gratis en MGM Grand Emerald Nights o un bono de $1.000 en juegos en vivo + $15 en juegos de Evolution.<\/p>\n<p>\u27a7 Selecci\u00f3n de juegos de calidad. El sitio re\u00fane alrededor de 2.000 t\u00edtulos de proveedores de juego reconocidos.<\/p>\n<p>\u27a7 Juegos nuevos. El casino actualiza con regularidad la pesta\u00f1a \u201cNuevos\u201d con los \u00faltimos lanzamientos.<\/p>\n<p>\u27a7 Atenci\u00f3n al cliente \u00fatil. El equipo de soporte responde las dudas m\u00e1s comunes en el \u201cCentro de ayuda\u201d y atiende por \u201cChat en vivo\u201d.<\/p>\n<p>\u27a7 Registro r\u00e1pido. Puedes registrarte r\u00e1pidamente en el casino en internet mediante tu cuenta de Google.<\/p>\n<p>Hay m\u00e9todos de pago pr\u00e1cticos, incluidos Visa, Mastercard, transferencia bancaria, Interac, Neteller, Skrill y Apple Pay, con comisiones bajas y tiempos de procesamiento r\u00e1pidos.<\/p>\n<h2>Juegos de Royal Panda Casino<\/h2>\n<p><img loading=\"lazy\" decoding=\"async\" src=\"\/wp-content\/uploads\/2024\/11\/slots.jpg\" alt=\"tragamonedas\" width=\"1199\" height=\"387\" class=\"aligncenter size-full wp-image-26\" srcset=\"https:\/\/royal-panda.win\/wp-content\/uploads\/2024\/11\/slots.jpg 1199w, https:\/\/royal-panda.win\/wp-content\/uploads\/2024\/11\/slots-300x97.jpg 300w, https:\/\/royal-panda.win\/wp-content\/uploads\/2024\/11\/slots-1024x331.jpg 1024w, https:\/\/royal-panda.win\/wp-content\/uploads\/2024\/11\/slots-768x248.jpg 768w, https:\/\/royal-panda.win\/wp-content\/uploads\/2024\/11\/slots-640x207.jpg 640w, https:\/\/royal-panda.win\/wp-content\/uploads\/2024\/11\/slots-681x220.jpg 681w\" sizes=\"(max-width: 1199px) 100vw, 1199px\" \/><\/p>\n<p style=\"text-align:center;margin-top: 30px;\"><a href=\"\/play\/\" class=\"auth-button signup-button\">HAZ CLIC PARA JUGAR<\/a><\/p>\n<p>Los juegos de casino son el sello distintivo de Royal Panda online casino. El operador ofrece una enorme variedad de opciones, lo que te permite elegir tus favoritas seg\u00fan tus preferencias. El casino obtiene los juegos de proveedores reputados como Pragmatic Play, Evolution, Playson y Push Gaming. Veamos m\u00e1s de cerca la secci\u00f3n de juegos.<\/p>\n<h3>Tragamonedas<\/h3>\n<p>El casino en l\u00ednea ofrece una variedad de m\u00e1quinas tragamonedas con distintos temas \u2014piratas, anime y animales\u2014 as\u00ed como mec\u00e1nicas de bonificaci\u00f3n como botes acumulados, comodines y s\u00edmbolos scatter. Estas tragamonedas son las m\u00e1s populares:<\/p>\n<table>\n<tr>\n<th>The Dog House<\/th>\n<td>Una tragamonedas de RTP del 95,51% de Pragmatic Play con alta volatilidad. The Dog House te transporta a un vecindario repleto de perros traviesos. Consigue cachorros de distintas razas y aumenta tus ganancias en el juego de bonificaci\u00f3n hasta x6.750.<\/td>\n<\/tr>\n<tr>\n<th>Book of Dead\ufe0f<\/th>\n<td>Una tragamonedas de RTP del 96,21% de Play\u2019n GO con alta volatilidad. Book of Dead te invita a unirte al c\u00e9lebre aventurero Rich Wild mientras desciendes a las pir\u00e1mides egipcias. El juego incluye giros gratis con una ganancia m\u00e1xima de hasta x5.000 si re\u00fanes suficientes artefactos antiguos.<\/td>\n<\/tr>\n<tr>\n<th>Sweet Bonanza<\/th>\n<td>Una tragamonedas de RTP del 96,51% de Pragmatic Play con volatilidad media-alta. El juego te lleva a la Tierra de los Dulces, donde recolectas las golosinas m\u00e1s ricas. Al hacerlo, activas giros gratis y s\u00edmbolos que explotan, lo que te permite ganar hasta x21.100 mediante m\u00faltiples combos encadenados.<\/td>\n<\/tr>\n<\/table>\n<p><strong><i>Puedes encontrar otras tragamonedas populares seleccionando la pesta\u00f1a \u201cPopulares\u201d.<\/i><\/strong><\/p>\n<h3>Juegos con botes progresivos<\/h3>\n<p>La segunda secci\u00f3n m\u00e1s visitada de Royal Panda es la de botes progresivos. A diferencia de las tragamonedas y juegos de mesa normales, los botes de estos t\u00edtulos no est\u00e1n limitados a una cantidad fija. En su lugar, se acumulan con las apuestas de otros jugadores, permitiendo premios que alcanzan millones de d\u00f3lares. Tras caer un bote progresivo, las tragamonedas comienzan de nuevo a incrementar sus recompensas m\u00e1ximas.<\/p>\n<h3>Juegos de mesa y de cartas<\/h3>\n<p>Las tragamonedas ofrecen una toma de decisiones limitada: solo pulsas un bot\u00f3n. Si buscas m\u00e1s variedad en el juego, te recomendamos la secci\u00f3n de juegos de mesa del casino, repleta de t\u00edtulos como la ruleta y los dados. El sitio tambi\u00e9n cuenta con salas de p\u00f3ker, bacar\u00e1 y blackjack para quienes disfrutan de la competencia.<\/p>\n<h3>P\u00f3ker de video<\/h3>\n<p>El video p\u00f3ker puede ser ideal si te gustan las mec\u00e1nicas de reunir combinaciones de cartas pero prefieres evitar la competencia. La opci\u00f3n m\u00e1s popular aqu\u00ed es First Person Video Poker. Te coloca frente a un monitor con est\u00e9tica de los 90 que muestra rondas cl\u00e1sicas de p\u00f3ker en vivo, ofreciendo una forma perfecta de sumergirte en la atm\u00f3sfera retro del juego.<\/p>\n<h2>Juego en vivo con crupieres<\/h2>\n<p>Quienes prefieren la atm\u00f3sfera de los casinos f\u00edsicos disfrutar\u00e1n la secci\u00f3n de juegos en vivo del sitio. Las partidas son conducidas por crupieres reales cuyas actuaciones se transmiten desde estudios profesionales de juego. Estas son algunas opciones populares de esta secci\u00f3n:<\/p>\n<table>\n<tr>\n<th>Ruleta<\/th>\n<td>Elige tu apuesta \u2014n\u00famero, color o grupo de propiedades\u2014, coloca tu ficha y espera a que la rueda se detenga para ver si ganas.<\/td>\n<\/tr>\n<tr>\n<th>Blackjack<\/th>\n<td>Re\u00fane una combinaci\u00f3n de cartas cuyo total sea lo m\u00e1s cercano posible a 21 y gana el bote si tu puntuaci\u00f3n supera a la del banquero.<\/td>\n<\/tr>\n<tr>\n<th>Ruedas de la fortuna, como Dream Catcher, Funky Time, Crazy Time y Monopoly Live<\/th>\n<td>Apuesta a uno o varios segmentos de la rueda y obs\u00e9rvala girar. Descubre si ganas cuando la rueda se detiene.<\/td>\n<\/tr>\n<\/table>\n<p>Algunos juegos en vivo de Royal Panda Casino est\u00e1n mejorados con modificadores adicionales. Uno de los m\u00e1s comunes es \u201cLightning\u201d, que a\u00f1ade multiplicadores extra a determinadas l\u00edneas antes de cada ronda. Tambi\u00e9n ver\u00e1s t\u00edtulos con etiquetas \u201cSpeed\u201d o \u201cFast\u201d, que agilizan las rondas y permiten m\u00e1s sesiones en menos tiempo.<\/p>\n<h2>Casa de apuestas de Royal Panda<\/h2>\n<p>Lamentablemente, la plataforma de juego no ofrece apuestas deportivas por ahora. Antes estaban disponibles. Mantente atento a las novedades; es posible que la secci\u00f3n de apuestas de Royal Panda vuelva a incorporarse entre las opciones del servicio.<\/p>\n<h2>Juega a Royal Panda desde el m\u00f3vil<\/h2>\n<p><img decoding=\"async\" src=\"\/wp-content\/uploads\/2024\/11\/royal-panda-mobile.webp\" alt=\"royal panda m\u00f3vil\" width=\"380\" height=\"auto\" class=\"alignleft size-full wp-image-24\" srcset=\"https:\/\/royal-panda.win\/wp-content\/uploads\/2024\/11\/royal-panda-mobile.webp 960w, https:\/\/royal-panda.win\/wp-content\/uploads\/2024\/11\/royal-panda-mobile-300x169.webp 300w, https:\/\/royal-panda.win\/wp-content\/uploads\/2024\/11\/royal-panda-mobile-768x432.webp 768w, https:\/\/royal-panda.win\/wp-content\/uploads\/2024\/11\/royal-panda-mobile-747x420.webp 747w, https:\/\/royal-panda.win\/wp-content\/uploads\/2024\/11\/royal-panda-mobile-640x360.webp 640w, https:\/\/royal-panda.win\/wp-content\/uploads\/2024\/11\/royal-panda-mobile-681x383.webp 681w\" sizes=\"(max-width: 960px) 100vw, 960px\" \/><\/p>\n<p>Actualmente no existe una app m\u00f3vil de Royal Panda. Sin embargo, la plataforma cuenta con una versi\u00f3n web altamente compatible que funciona con cualquier sistema operativo. Te permite jugar con fluidez siempre que dispongas de un dispositivo capaz y una conexi\u00f3n a internet estable. As\u00ed puedes crear un acceso directo para ingresar r\u00e1pidamente al sitio:<\/p>\n<ol>\n<li>Abre un navegador. Cualquier aplicaci\u00f3n sirve, pero se recomienda usar Google Chrome o Safari.<\/li>\n<li>Accede al casino. Escribe el nombre del sitio del casino en el navegador.<\/li>\n<li>A\u00f1ade un acceso directo. Pulsa el bot\u00f3n de configuraci\u00f3n o compartir, selecciona \u201cA\u00f1adir a la pantalla de inicio\u201d y nombra el \u00edcono del sitio.<\/li>\n<\/ol>\n<p>La pr\u00f3xima vez que revises tu pantalla de inicio, ver\u00e1s el \u00edcono del casino. Si\u00e9ntete libre de moverlo donde quieras. Para eliminarlo, mant\u00e9n pulsado el \u00edcono y elige la opci\u00f3n \u201cEliminar\u201d.<\/p>\n<h2>Bonos y ofertas especiales de Royal Panda<\/h2>\n<p>Puedes elegir entre una recompensa de bienvenida para tragamonedas o para el casino en vivo. Si optas por el bono de tragamonedas, recibes un 100% de match hasta $1.000 + 300 giros gratis en MGM Grand Emerald Nights. El bono se activa con un dep\u00f3sito de $10 o m\u00e1s y debe reclamarse dentro de los 7 d\u00edas posteriores al registro de la cuenta. Dispondr\u00e1s de una semana para cumplir con los requisitos de apuesta, fijados en 20x.<\/p>\n<p><img decoding=\"async\" src=\"\/wp-content\/uploads\/2024\/11\/royal-panda-bonus.webp\" alt=\"bono de royal panda\" width=\"380\" height=\"auto\" class=\"alignright size-full wp-image-23\" srcset=\"https:\/\/royal-panda.win\/wp-content\/uploads\/2024\/11\/royal-panda-bonus.webp 960w, https:\/\/royal-panda.win\/wp-content\/uploads\/2024\/11\/royal-panda-bonus-300x169.webp 300w, https:\/\/royal-panda.win\/wp-content\/uploads\/2024\/11\/royal-panda-bonus-768x432.webp 768w, https:\/\/royal-panda.win\/wp-content\/uploads\/2024\/11\/royal-panda-bonus-747x420.webp 747w, https:\/\/royal-panda.win\/wp-content\/uploads\/2024\/11\/royal-panda-bonus-640x360.webp 640w, https:\/\/royal-panda.win\/wp-content\/uploads\/2024\/11\/royal-panda-bonus-681x383.webp 681w\" sizes=\"(max-width: 960px) 100vw, 960px\" \/><\/p>\n<p>El bono del casino Royal Panda ofrece un 100% de match en tu primer dep\u00f3sito de $10 o m\u00e1s, hasta $1.000. Tambi\u00e9n recibes $15 extra para juegos de Evolution. Las recompensas del bono duran 7 d\u00edas y debes cumplir requisitos de apuesta de 40x para poder retirarlas.<\/p>\n<p>El Bamboo Bonus es una oferta de bienvenida de seguimiento. Es un bono de recarga disponible cada semana de viernes a s\u00e1bado. Act\u00edvalo con un dep\u00f3sito de $10 o m\u00e1s para recibir un 50% de match hasta $150. Debes cumplir requisitos de apuesta de 35x dentro de los 3 d\u00edas posteriores a la obtenci\u00f3n del bono.<\/p>\n<h3>C\u00f3mo usar los giros gratis<\/h3>\n<p>Para los principiantes puede resultar confuso c\u00f3mo usar los giros gratis de Royal Panda. Aclaremos el proceso. Primero, debes reclamar tus giros, lo que requiere activar el bono y depositar. Una vez procesada la transacci\u00f3n, el sitio te acreditar\u00e1 los giros gratis. Solo queda buscar el juego aplicable, iniciarlo y seleccionar la opci\u00f3n de usar giros durante la partida.<\/p>\n<h3>\ud83d\udd25 Programa VIP del casino<\/h3>\n<p>Adem\u00e1s de los matches de dep\u00f3sito y los giros gratis, Royal Panda Casino tambi\u00e9n ofrece un atractivo programa VIP. Para formar parte, debes aceptar un desaf\u00edo: hacer girar una tragamonedas espec\u00edfica 300 veces con una apuesta m\u00ednima de $0,50. Al finalizar, el sitio te recompensa con un giro de la rueda de bonificaci\u00f3n, que concede giros gratis o dinero.<\/p>\n<h2>\u00a1Reg\u00edstrate en 3 minutos!<\/h2>\n<p>Crear una cuenta lleva unos pocos clics y campos completados. Esta gu\u00eda paso a paso te aclarar\u00e1 el proceso:<\/p>\n<ol>\n<li>Haz clic en \u201cSign Up\u201d. Es el bot\u00f3n en la esquina superior derecha de la interfaz.<\/li>\n<li>Completa los campos. El sitio solicita tu correo, contrase\u00f1a, n\u00famero de tel\u00e9fono y lugar de residencia. Alternativamente, puedes crear la cuenta con Google.<\/li>\n<\/ol>\n<p><strong><i>Para convertirte en un miembro completo del casino, ve a la configuraci\u00f3n de tu cuenta y solicita la verificaci\u00f3n de identidad. Tras proporcionar tu documento de identidad, la verificaci\u00f3n se procesar\u00e1 en un plazo de hasta 3 d\u00edas, habilitando los retiros.<\/i><\/strong><\/p>\n<p style=\"text-align:center;margin-top: 30px;\"><a href=\"\/play\/\" class=\"auth-button signup-button\">REG\u00cdSTRATE CON BONO<\/a><\/p>\n<h3>Proceso de inicio de sesi\u00f3n en Royal Panda<\/h3>\n<p>Para iniciar sesi\u00f3n en Royal Panda Casino, introduce las credenciales definidas durante el registro. Iniciar sesi\u00f3n con una cuenta de Google funciona del mismo modo que en otros sitios que ofrecen esta opci\u00f3n.<\/p>\n<p>Si no recuerdas tu contrase\u00f1a, se recomienda restablecerla. Para hacerlo, haz clic en \u201cLog In\u201d y selecciona \u201cForgot Password\u201d. Tras indicar tu correo, el sitio te enviar\u00e1 un mensaje con instrucciones para crear una nueva contrase\u00f1a.<\/p>\n<h2>Opciones de pago<\/h2>\n<p><img loading=\"lazy\" decoding=\"async\" src=\"\/wp-content\/uploads\/2024\/11\/payments-and-providers.jpg\" alt=\"pagos y proveedores\" style=\"border-radius:40px\" width=\"1754\" height=\"87\" class=\"aligncenter size-full wp-image-25\" srcset=\"https:\/\/royal-panda.win\/wp-content\/uploads\/2024\/11\/payments-and-providers.jpg 1754w, https:\/\/royal-panda.win\/wp-content\/uploads\/2024\/11\/payments-and-providers-300x15.jpg 300w, https:\/\/royal-panda.win\/wp-content\/uploads\/2024\/11\/payments-and-providers-1024x51.jpg 1024w, https:\/\/royal-panda.win\/wp-content\/uploads\/2024\/11\/payments-and-providers-768x38.jpg 768w, https:\/\/royal-panda.win\/wp-content\/uploads\/2024\/11\/payments-and-providers-1536x76.jpg 1536w, https:\/\/royal-panda.win\/wp-content\/uploads\/2024\/11\/payments-and-providers-640x32.jpg 640w, https:\/\/royal-panda.win\/wp-content\/uploads\/2024\/11\/payments-and-providers-681x34.jpg 681w\" sizes=\"(max-width: 1754px) 100vw, 1754px\" \/><\/p>\n<p>Este casino permite pagos r\u00e1pidos y sencillos mediante Visa, Mastercard, transferencia bancaria, Interac, Neteller, Skrill, Paysafecard y Apple Pay. Para ingresar o retirar fondos, abre la p\u00e1gina de Caja (Cashier), elige un m\u00e9todo de pago e introduce el importe. Tras indicar los datos de tu saldo y confirmar, la transacci\u00f3n comenzar\u00e1 a procesarse.<\/p>\n<h3>Tiempos y l\u00edmites de retiro<\/h3>\n<p>Los retiros solo est\u00e1n disponibles despu\u00e9s de la verificaci\u00f3n de identidad. Royal Panda Casino necesita saber qui\u00e9n eres para cumplir con las normativas de Prevenci\u00f3n de Blanqueo de Capitales (AML) y Conoce a Tu Cliente (KYC) impuestas por las regulaciones locales. Como resultado, los retiros pueden tardar hasta 3 d\u00edas. Los l\u00edmites difieren seg\u00fan el m\u00e9todo de cobro elegido; puedes consultarlos antes de retirar en la p\u00e1gina de Caja.<\/p>\n","protected":false},"excerpt":{"rendered":"<p>INICIAR SESI\u00d3NREGISTRARSE \u00bfBuscas un casino en l\u00ednea confiable? Det\u00e9n la b\u00fasqueda y elige \u00a1Royal Panda Casino! Es un operador canadiense con licencia y regulaci\u00f3n que ofrece miles de tragamonedas, una secci\u00f3n de casino en vivo y una variedad de bonos. Royal Panda se asocia con proveedores de primer nivel como NetEnt y Evolution. \ud83d\udcc5 A\u00f1o [&hellip;]<\/p>\n","protected":false},"author":1,"featured_media":178,"parent":0,"menu_order":0,"comment_status":"closed","ping_status":"open","template":"","meta":{"footnotes":""},"yoast_head":"<!-- This site is optimized with the Yoast SEO plugin v23.7 - https:\/\/yoast.com\/wordpress\/plugins\/seo\/ -->\n<title>Royal Panda \u2460 Los mejores juegos de casino online y bono de $1000<\/title>\n<meta name=\"description\" content=\"Juega a las mejores tragamonedas online en Royal Panda Casino. M\u00e1s de 100 mesas con crupier en vivo para p\u00f3ker, ruleta y blackjack. \u2705 \u00a1Disfruta de Royal Panda con un bono!\" \/>\n<meta name=\"robots\" content=\"index, follow, max-snippet:-1, max-image-preview:large, max-video-preview:-1\" \/>\n<link rel=\"canonical\" href=\"https:\/\/royal-panda.win\/es\/\" \/>\n<meta property=\"og:locale\" content=\"es_ES\" \/>\n<meta property=\"og:type\" content=\"article\" \/>\n<meta property=\"og:title\" content=\"Royal Panda \u2460 Los mejores juegos de casino online y bono de $1000\" \/>\n<meta property=\"og:description\" content=\"Juega a las mejores tragamonedas online en Royal Panda Casino. M\u00e1s de 100 mesas con crupier en vivo para p\u00f3ker, ruleta y blackjack. \u2705 \u00a1Disfruta de Royal Panda con un bono!\" \/>\n<meta property=\"og:url\" content=\"https:\/\/royal-panda.win\/es\/\" \/>\n<meta property=\"og:site_name\" content=\"Royal Panda Casino\" \/>\n<meta property=\"article:modified_time\" content=\"2025-08-11T13:02:23+00:00\" \/>\n<meta property=\"og:image\" content=\"http:\/\/royal-panda.win\/wp-content\/uploads\/2024\/11\/royal-panda-bonus.webp\" \/>\n\t<meta property=\"og:image:width\" content=\"960\" \/>\n\t<meta property=\"og:image:height\" content=\"540\" \/>\n\t<meta property=\"og:image:type\" content=\"image\/webp\" \/>\n<meta name=\"twitter:card\" content=\"summary_large_image\" \/>\n<meta name=\"twitter:label1\" content=\"Est. reading time\" \/>\n\t<meta name=\"twitter:data1\" content=\"10 minutos\" \/>\n<script type=\"application\/ld+json\" class=\"yoast-schema-graph\">{\"@context\":\"https:\/\/schema.org\",\"@graph\":[{\"@type\":\"WebPage\",\"@id\":\"https:\/\/royal-panda.win\/es\/\",\"url\":\"https:\/\/royal-panda.win\/es\/\",\"name\":\"Royal Panda \u2460 Los mejores juegos de casino online y bono de $1000\",\"isPartOf\":{\"@id\":\"https:\/\/royal-panda.win\/es\/#website\"},\"primaryImageOfPage\":{\"@id\":\"https:\/\/royal-panda.win\/es\/#primaryimage\"},\"image\":{\"@id\":\"https:\/\/royal-panda.win\/es\/#primaryimage\"},\"thumbnailUrl\":\"https:\/\/royal-panda.win\/wp-content\/uploads\/2024\/11\/royal-panda-bonus.webp\",\"datePublished\":\"2024-05-23T12:32:17+00:00\",\"dateModified\":\"2025-08-11T13:02:23+00:00\",\"description\":\"Juega a las mejores tragamonedas online en Royal Panda Casino. M\u00e1s de 100 mesas con crupier en vivo para p\u00f3ker, ruleta y blackjack. \u2705 \u00a1Disfruta de Royal Panda con un bono!\",\"breadcrumb\":{\"@id\":\"https:\/\/royal-panda.win\/es\/#breadcrumb\"},\"inLanguage\":\"es\",\"potentialAction\":[{\"@type\":\"ReadAction\",\"target\":[\"https:\/\/royal-panda.win\/es\/\"]}]},{\"@type\":\"ImageObject\",\"inLanguage\":\"es\",\"@id\":\"https:\/\/royal-panda.win\/es\/#primaryimage\",\"url\":\"https:\/\/royal-panda.win\/wp-content\/uploads\/2024\/11\/royal-panda-bonus.webp\",\"contentUrl\":\"https:\/\/royal-panda.win\/wp-content\/uploads\/2024\/11\/royal-panda-bonus.webp\",\"width\":960,\"height\":540,\"caption\":\"royal panda bonus\"},{\"@type\":\"BreadcrumbList\",\"@id\":\"https:\/\/royal-panda.win\/es\/#breadcrumb\",\"itemListElement\":[{\"@type\":\"ListItem\",\"position\":1,\"name\":\"Home\",\"item\":\"https:\/\/royal-panda.win\/es\/\"},{\"@type\":\"ListItem\",\"position\":2,\"name\":\"Royal Panda \u2013 Casino live y juegos de tragamonedas\"}]},{\"@type\":\"WebSite\",\"@id\":\"https:\/\/royal-panda.win\/es\/#website\",\"url\":\"https:\/\/royal-panda.win\/es\/\",\"name\":\"Royal Panda Casino\",\"description\":\"\",\"alternateName\":\"royal-panda.win\",\"potentialAction\":[{\"@type\":\"SearchAction\",\"target\":{\"@type\":\"EntryPoint\",\"urlTemplate\":\"https:\/\/royal-panda.win\/es\/?s={search_term_string}\"},\"query-input\":{\"@type\":\"PropertyValueSpecification\",\"valueRequired\":true,\"valueName\":\"search_term_string\"}}],\"inLanguage\":\"es\"}]}<\/script>\n<!-- \/ Yoast SEO plugin. -->","yoast_head_json":{"title":"Royal Panda \u2460 Los mejores juegos de casino online y bono de $1000","description":"Juega a las mejores tragamonedas online en Royal Panda Casino. M\u00e1s de 100 mesas con crupier en vivo para p\u00f3ker, ruleta y blackjack. \u2705 \u00a1Disfruta de Royal Panda con un bono!","robots":{"index":"index","follow":"follow","max-snippet":"max-snippet:-1","max-image-preview":"max-image-preview:large","max-video-preview":"max-video-preview:-1"},"canonical":"https:\/\/royal-panda.win\/es\/","og_locale":"es_ES","og_type":"article","og_title":"Royal Panda \u2460 Los mejores juegos de casino online y bono de $1000","og_description":"Juega a las mejores tragamonedas online en Royal Panda Casino. M\u00e1s de 100 mesas con crupier en vivo para p\u00f3ker, ruleta y blackjack. \u2705 \u00a1Disfruta de Royal Panda con un bono!","og_url":"https:\/\/royal-panda.win\/es\/","og_site_name":"Royal Panda Casino","article_modified_time":"2025-08-11T13:02:23+00:00","og_image":[{"width":960,"height":540,"url":"http:\/\/royal-panda.win\/wp-content\/uploads\/2024\/11\/royal-panda-bonus.webp","type":"image\/webp"}],"twitter_card":"summary_large_image","twitter_misc":{"Est. reading time":"10 minutos"},"schema":{"@context":"https:\/\/schema.org","@graph":[{"@type":"WebPage","@id":"https:\/\/royal-panda.win\/es\/","url":"https:\/\/royal-panda.win\/es\/","name":"Royal Panda \u2460 Los mejores juegos de casino online y bono de $1000","isPartOf":{"@id":"https:\/\/royal-panda.win\/es\/#website"},"primaryImageOfPage":{"@id":"https:\/\/royal-panda.win\/es\/#primaryimage"},"image":{"@id":"https:\/\/royal-panda.win\/es\/#primaryimage"},"thumbnailUrl":"https:\/\/royal-panda.win\/wp-content\/uploads\/2024\/11\/royal-panda-bonus.webp","datePublished":"2024-05-23T12:32:17+00:00","dateModified":"2025-08-11T13:02:23+00:00","description":"Juega a las mejores tragamonedas online en Royal Panda Casino. M\u00e1s de 100 mesas con crupier en vivo para p\u00f3ker, ruleta y blackjack. \u2705 \u00a1Disfruta de Royal Panda con un bono!","breadcrumb":{"@id":"https:\/\/royal-panda.win\/es\/#breadcrumb"},"inLanguage":"es","potentialAction":[{"@type":"ReadAction","target":["https:\/\/royal-panda.win\/es\/"]}]},{"@type":"ImageObject","inLanguage":"es","@id":"https:\/\/royal-panda.win\/es\/#primaryimage","url":"https:\/\/royal-panda.win\/wp-content\/uploads\/2024\/11\/royal-panda-bonus.webp","contentUrl":"https:\/\/royal-panda.win\/wp-content\/uploads\/2024\/11\/royal-panda-bonus.webp","width":960,"height":540,"caption":"royal panda bonus"},{"@type":"BreadcrumbList","@id":"https:\/\/royal-panda.win\/es\/#breadcrumb","itemListElement":[{"@type":"ListItem","position":1,"name":"Home","item":"https:\/\/royal-panda.win\/es\/"},{"@type":"ListItem","position":2,"name":"Royal Panda \u2013 Casino live y juegos de tragamonedas"}]},{"@type":"WebSite","@id":"https:\/\/royal-panda.win\/es\/#website","url":"https:\/\/royal-panda.win\/es\/","name":"Royal Panda Casino","description":"","alternateName":"royal-panda.win","potentialAction":[{"@type":"SearchAction","target":{"@type":"EntryPoint","urlTemplate":"https:\/\/royal-panda.win\/es\/?s={search_term_string}"},"query-input":{"@type":"PropertyValueSpecification","valueRequired":true,"valueName":"search_term_string"}}],"inLanguage":"es"}]}},"_links":{"self":[{"href":"https:\/\/royal-panda.win\/es\/wp-json\/wp\/v2\/pages\/176"}],"collection":[{"href":"https:\/\/royal-panda.win\/es\/wp-json\/wp\/v2\/pages"}],"about":[{"href":"https:\/\/royal-panda.win\/es\/wp-json\/wp\/v2\/types\/page"}],"author":[{"embeddable":true,"href":"https:\/\/royal-panda.win\/es\/wp-json\/wp\/v2\/users\/1"}],"replies":[{"embeddable":true,"href":"https:\/\/royal-panda.win\/es\/wp-json\/wp\/v2\/comments?post=176"}],"version-history":[{"count":2,"href":"https:\/\/royal-panda.win\/es\/wp-json\/wp\/v2\/pages\/176\/revisions"}],"predecessor-version":[{"id":183,"href":"https:\/\/royal-panda.win\/es\/wp-json\/wp\/v2\/pages\/176\/revisions\/183"}],"wp:featuredmedia":[{"embeddable":true,"href":"https:\/\/royal-panda.win\/es\/wp-json\/wp\/v2\/media\/178"}],"wp:attachment":[{"href":"https:\/\/royal-panda.win\/es\/wp-json\/wp\/v2\/media?parent=176"}],"curies":[{"name":"wp","href":"https:\/\/api.w.org\/{rel}","templated":true}]}}