{"id":161,"date":"2024-05-23T12:32:17","date_gmt":"2024-05-23T12:32:17","guid":{"rendered":"https:\/\/royal-panda.win\/royal-panda-live-kasiino-ja-slotimangud\/"},"modified":"2025-08-11T12:33:57","modified_gmt":"2025-08-11T12:33:57","slug":"royal-panda-live-kasiino-ja-slotimangud","status":"publish","type":"page","link":"https:\/\/royal-panda.win\/et\/","title":{"rendered":"Royal Panda \u2013 live kasiino ja slotim\u00e4ngud"},"content":{"rendered":"<p><img loading=\"lazy\" decoding=\"async\" src=\"\/wp-content\/uploads\/2024\/11\/main-bonus.webp\" alt=\"peamine boonus\" width=\"1889\" height=\"547\" class=\"aligncenter size-full wp-image-21\" srcset=\"https:\/\/royal-panda.win\/wp-content\/uploads\/2024\/11\/main-bonus.webp 1889w, https:\/\/royal-panda.win\/wp-content\/uploads\/2024\/11\/main-bonus-300x87.webp 300w, https:\/\/royal-panda.win\/wp-content\/uploads\/2024\/11\/main-bonus-1024x297.webp 1024w, https:\/\/royal-panda.win\/wp-content\/uploads\/2024\/11\/main-bonus-768x222.webp 768w, https:\/\/royal-panda.win\/wp-content\/uploads\/2024\/11\/main-bonus-1536x445.webp 1536w, https:\/\/royal-panda.win\/wp-content\/uploads\/2024\/11\/main-bonus-1450x420.webp 1450w, https:\/\/royal-panda.win\/wp-content\/uploads\/2024\/11\/main-bonus-640x185.webp 640w, https:\/\/royal-panda.win\/wp-content\/uploads\/2024\/11\/main-bonus-681x197.webp 681w\" sizes=\"(max-width: 1889px) 100vw, 1889px\" \/><\/p>\n<div class=\"auth-buttons\"><a href=\"\/play\/\" class=\"auth-button login-button\">LOGI SISSE<\/a><a href=\"\/play\/\" class=\"auth-button signup-button\">REGISTREERU<\/a><\/div>\n<p>Otsid usaldusv\u00e4\u00e4rset online kasiinot? L\u00f5peta otsimine ja vali Royal Panda kasiino! See on litsentseeritud ja reguleeritud Kanada operaator tuhandete slotim\u00e4ngudega, live kasiino sektsiooniga ja mitmete boonustega. Royal Panda teeb koost\u00f6\u00f6d juhtivate m\u00e4ngutootjatega nagu NetEnt ja Evolution.   <\/p>\n<table>\n<tr>\n<th>\ud83d\udcc5 Asutamisaasta<\/th>\n<td>2014<\/td>\n<\/tr>\n<tr>\n<th>\ud83d\udee1 Litsents\ufe0f<\/th>\n<td>reguleeritud Ontario alkoholi- ja hasartm\u00e4ngukomisjoni ning Malta hasartm\u00e4nguameti poolt<\/td>\n<\/tr>\n<tr>\n<th>\ud83c\udfae M\u00e4ngude arv<\/th>\n<td>\u00dcle 2000 kasiinom\u00e4ngu<\/td>\n<\/tr>\n<tr>\n<th>\ud83c\udf81 Tervitusboonus<\/th>\n<td>Kasiino tervitusboonus: $1000 + 300 tasuta keerutust<br \/>Live kasiino tervitusboonus: $1000 + $15 Evolution m\u00e4ngudele<\/td>\n<\/tr>\n<tr>\n<th>\ud83d\udcb3 Makseviisid<\/th>\n<td>Visa, Mastercard, panga\u00fclekanne, interac, skrill, neosurf, Apple pay ja paysafecard<\/td>\n<\/tr>\n<tr>\n<th>\ud83d\udcf1 Mobiilne \u00fchilduvus<\/th>\n<td>Mobiiliseadmetele optimeeritud platvorm<\/td>\n<\/tr>\n<tr>\n<th>\ud83d\udcde Klienditugi<\/th>\n<td>Live vestlus<\/td>\n<\/tr>\n<\/table>\n<h2>\ud83d\udc3c Royal Panda saidi \u00fclevaade ja funktsioonid<\/h2>\n<p>Operaator on alates oma k\u00e4ivitamisest 2014. aastal loonud tugeva maine kui tippklassi rahvusvaheline online kasiino. See on 100% seaduslik Ontario alkoholi- ja hasartm\u00e4ngukomisjoni ning Malta hasartm\u00e4nguameti litsentside alusel. Siin on m\u00f5ned Royal Panda peamised omadused:  <\/p>\n<p>\u27a7 Paindlik tervituspakkumine. V\u00f5id valida $1000 boonuse slotim\u00e4ngudele + 300 tasuta keerutust MGM Grand Emerald Nights m\u00e4ngus v\u00f5i $1000 boonuse live m\u00e4ngudele + $15 Evolution m\u00e4ngudele. <\/p>\n<p>\u27a7 Kvaliteetsete m\u00e4ngude valik. Veebisaidil on umbes 2000 m\u00e4ngu tunnustatud hasartm\u00e4ngupakkujatelt. <\/p>\n<p>\u27a7 Uued m\u00e4ngud. Kasiino uuendab regulaarselt \u201eUued\u201c vahekaarti uusimate m\u00e4ngudega. <\/p>\n<p>\u27a7 Toetav klienditeenindus. Tugitiim vastab klientide levinud k\u00fcsimustele \u201eAbikeskuses\u201c ja abistab \u201eLive vestluse\u201c kaudu. <\/p>\n<p>\u27a7 Kiire registreerimine. Saad internetikasiinos kiiresti registreeruda oma Google&#8217;i konto kaudu. <\/p>\n<p>Saadaval on mugavad makseviisid, sealhulgas Visa, Mastercard, panga\u00fclekanne, Interac, Neteller, Skrill ja Apple Pay, madalate tasude ja kiire t\u00f6\u00f6tlemisajaga.<\/p>\n<h2>Royal Panda kasiinom\u00e4ngud<\/h2>\n<p><img loading=\"lazy\" decoding=\"async\" src=\"\/wp-content\/uploads\/2024\/11\/slots.jpg\" alt=\"slotim\u00e4ngud\" width=\"1199\" height=\"387\" class=\"aligncenter size-full wp-image-26\" srcset=\"https:\/\/royal-panda.win\/wp-content\/uploads\/2024\/11\/slots.jpg 1199w, https:\/\/royal-panda.win\/wp-content\/uploads\/2024\/11\/slots-300x97.jpg 300w, https:\/\/royal-panda.win\/wp-content\/uploads\/2024\/11\/slots-1024x331.jpg 1024w, https:\/\/royal-panda.win\/wp-content\/uploads\/2024\/11\/slots-768x248.jpg 768w, https:\/\/royal-panda.win\/wp-content\/uploads\/2024\/11\/slots-640x207.jpg 640w, https:\/\/royal-panda.win\/wp-content\/uploads\/2024\/11\/slots-681x220.jpg 681w\" sizes=\"(max-width: 1199px) 100vw, 1199px\" \/><\/p>\n<p style=\"text-align:center;margin-top: 30px;\"><a href=\"\/play\/\" class=\"auth-button signup-button\">KL\u00d5PSA M\u00c4NGUDE M\u00c4NGIMISEKS<\/a><\/p>\n<p>Kasiinom\u00e4ngud on see, mis teeb Royal Panda online kasiino silmapaistvaks. Operaator pakub suurt valikut v\u00f5imalusi, v\u00f5imaldades sul valida oma lemmikud vastavalt eelistustele. Kasiino hangib m\u00e4nge usaldusv\u00e4\u00e4rsetelt pakkujatelt nagu Pragmatic Play, Evolution, Playson ja Push Gaming. Vaatame m\u00e4ngude sektsiooni l\u00e4hemalt.   <\/p>\n<h3>Slotim\u00e4ngud<\/h3>\n<p>Online kasiino pakub mitmesuguseid m\u00e4nguautomaate erinevate teemadega &#8211; piraadid, anime ja loomad, samuti boonusmehaanikaga nagu kogunevad jackpotid, wild-s\u00fcmbolid ja scatter-s\u00fcmbolid. Need slotim\u00e4ngud on k\u00f5ige populaarsemad: <\/p>\n<table>\n<tr>\n<th>Koerakuut<\/th>\n<td>95,51% RTP slotim\u00e4ng Pragmatic Play&#8217;lt k\u00f5rge volatiilsusega. The Dog House viib sind naabruskonda, mis on t\u00e4is hulkuvaid koeri. P\u00fc\u00fca erinevate t\u00f5ugude kutsikaid ja suurenda oma boonusm\u00e4ngu kasumit kuni x6750.  <\/td>\n<\/tr>\n<tr>\n<th>Book of Dead\ufe0f<\/th>\n<td>96,21% RTP slotim\u00e4ng Play&#8217;n GO-lt k\u00f5rge volatiilsusega. Book of Dead kutsub sind liituma kuulsa seiklejaga, Rich Wildiga, kui laskud Egiptuse p\u00fcramiididesse. M\u00e4ngus on tasuta keerutused maksimaalse v\u00f5iduga kuni x5000, kui kogud piisavalt iidseid artefakte.  <\/td>\n<\/tr>\n<tr>\n<th>Sweet Bonanza<\/th>\n<td>96,51% RTP slotim\u00e4ng Pragmatic Play&#8217;lt keskmise-k\u00f5rge volatiilsusega. M\u00e4ng viib sind Candylandi, kus kogud k\u00f5ige maitsvamaid maiustusi. Kui seda teed, k\u00e4ivitad tasuta keerutused ja plahvatavad s\u00fcmbolid, v\u00f5imaldades sul v\u00f5ita kuni x21100 mitme ahela kombinatsioonide kaudu.  <\/td>\n<\/tr>\n<\/table>\n<p><strong><i>Teisi populaarseid slotim\u00e4nge leiad, valides \u201ePopulaarsed\u201c vahekaardi.<\/i><\/strong><\/p>\n<h3>Progressiivse jackpotiga m\u00e4ngud<\/h3>\n<p>Teine enim k\u00fclastatud RoyalPanda sektsioon on progressiivse jackpotiga m\u00e4ngud. Erinevalt tavalistest slotim\u00e4ngudest ja lauam\u00e4ngudest ei ole nende m\u00e4ngude \u201ejackpotid piiratud kindla summaga. Selle asemel kogunevad need teiste m\u00e4ngijate\u201c panustest, v\u00f5imaldades miljonite dollarite v\u00e4\u00e4rtuses jackpot&#8217;e. Slotim\u00e4ngud hakkavad oma tippauhindu uuesti koguma p\u00e4rast seda, kui oled progressiivse jackpoti v\u00f5itnud.   <\/p>\n<h3>Laua- ja kaardim\u00e4ngud<\/h3>\n<p>Slotim\u00e4ngud pakuvad piiratud otsustamisv\u00f5imalusi: vajutad ainult \u00fchte nuppu. Kui otsid hasartm\u00e4ngudes rohkem mitmekesisust, oled teretulnud kasiino lauam\u00e4ngude sektsiooni, mis on t\u00e4is mitme joonega m\u00e4nge nagu rulett ja craps. Veebisaidil on ka pokkeritoad, baccarat ja blackjack neile, kes naudivad v\u00f5istlust.  <\/p>\n<h3>Videopokker<\/h3>\n<p>Videopokker v\u00f5ib olla sinu jaoks ideaalne, kui sulle meeldib kaardikombinatsiooni kogumise mehhaanika, kuid eelistad v\u00e4ltida v\u00f5istlust. K\u00f5ige populaarsem valik siin on First Person Video Poker. See asetab sind 90ndate stiilis monitori ette, mis kuvab klassikalisi live pokkeriringe, pakkudes t\u00e4iuslikku viisi m\u00e4ngu retroatmosf\u00e4\u00e4ri nautimiseks.  <\/p>\n<h2>Live hasartm\u00e4ngud diileritega<\/h2>\n<p>Need, kes eelistavad f\u00fc\u00fcsiliste kasiinode atmosf\u00e4\u00e4ri, naudivad saidi live m\u00e4ngude sektsiooni. M\u00e4nge viivad l\u00e4bi p\u00e4ris diilerid, kelle esitusi edastatakse sulle professionaalsetest hasartm\u00e4ngustuudiotest. Siin on m\u00f5ned populaarsed valikud sellest sektsioonist:  <\/p>\n<table>\n<tr>\n<th>Rulett<\/th>\n<td>Vali panus, olgu see number, v\u00e4rv v\u00f5i omaduste r\u00fchm, aseta oma panus ja oota, kuni ratas l\u00f5petab p\u00f6\u00f6rlemise, et n\u00e4ha, kas v\u00f5idad.<\/td>\n<\/tr>\n<tr>\n<th>Blackjack<\/th>\n<td>Kogu kaartide kombinatsioon, mis on kokku v\u00f5imalikult l\u00e4hedal 21-le, ja v\u00f5ida pott, kui sinu tulemus on parem kui pankuri oma.<\/td>\n<\/tr>\n<tr>\n<th>\u00d5nnerattad, nagu Dream Catcher, Funky Time, Crazy Time ja Monopoly Live<\/th>\n<td>Panusta \u00fchele v\u00f5i mitmele ratta segmendile ja vaata, kuidas see p\u00f6\u00f6rleb. N\u00e4ed, kas v\u00f5idad, kui ratas peatub. <\/td>\n<\/tr>\n<\/table>\n<p>M\u00f5ned Royal Panda kasiino live m\u00e4ngud on t\u00e4iustatud lisamodifikaatoritega. \u00dcks levinumaid on \u201eLightning\u201c, mis lisab enne iga vooru konkreetsetele liinidele lisakorrutajaid. M\u00f5ned pakkumised on esitatud ka \u201eSpeed\u201c v\u00f5i \u201eFast\u201c siltidega, mis h\u00f5lbustab kiiremaid voore ja suuremat kasumit l\u00fchima aja jooksul.  <\/p>\n<h2>Royal Panda spordiennustus<\/h2>\n<p>Kahjuks ei ole hasartm\u00e4nguplatvormil praegu spordiennustust. See oli varem saadaval. J\u00e4lgi uuendusi ja v\u00f5ib-olla lisatakse Royal Panda kihlveosektsioon teenusev\u00f5imalustesse taas.  <\/p>\n<h2>M\u00e4ngi Royal Pandat mobiililt<\/h2>\n<p><img decoding=\"async\" src=\"\/wp-content\/uploads\/2024\/11\/royal-panda-mobile.webp\" alt=\"royal panda mobiil\" width=\"380\" height=\"auto\" class=\"alignleft size-full wp-image-24\" srcset=\"https:\/\/royal-panda.win\/wp-content\/uploads\/2024\/11\/royal-panda-mobile.webp 960w, https:\/\/royal-panda.win\/wp-content\/uploads\/2024\/11\/royal-panda-mobile-300x169.webp 300w, https:\/\/royal-panda.win\/wp-content\/uploads\/2024\/11\/royal-panda-mobile-768x432.webp 768w, https:\/\/royal-panda.win\/wp-content\/uploads\/2024\/11\/royal-panda-mobile-747x420.webp 747w, https:\/\/royal-panda.win\/wp-content\/uploads\/2024\/11\/royal-panda-mobile-640x360.webp 640w, https:\/\/royal-panda.win\/wp-content\/uploads\/2024\/11\/royal-panda-mobile-681x383.webp 681w\" sizes=\"(max-width: 960px) 100vw, 960px\" \/><\/p>\n<p>Praegu pole Royal Panda mobiilirakendust. Kuid platvormil on v\u00e4ga \u00fchilduv brauseriversiooni, mis sobib iga operatsioonis\u00fcsteemiga. See v\u00f5imaldab sul m\u00e4ngida k\u00f5iki m\u00e4nge sujuvalt, kui sul on v\u00f5imekas riistvara ja stabiilne interneti\u00fchendus. Siin on, kuidas luua saidi otsetee kiireks juurdep\u00e4\u00e4suks:   <\/p>\n<ol>\n<li>Ava brauser. Iga rakendus t\u00f6\u00f6tab, kuid soovitatav on kasutada Google Chrome&#8217;i v\u00f5i Safari. <\/li>\n<li>P\u00e4\u00e4se kasiinole ligi. Sisesta kasiino saidi nimi brauserisse. <\/li>\n<li>Lisa otsetee. Kl\u00f5psa seadete v\u00f5i jagamise nuppu, vali \u201eLisa avakuvale\u201c ja nimeta saidi ikoon. <\/li>\n<\/ol>\n<p>Sinu avakuval on j\u00e4rgmisel korral, kui seda vaatad, kasiino ikoon. V\u00f5id seda liigutada, kuidas soovid. Ikooni kustutamiseks vajuta ja hoia seda all, seej\u00e4rel vali \u201eKustuta\u201c valik.  <\/p>\n<h2>Royal Panda boonused ja eripakkumised<\/h2>\n<p>Saad valida sloti v\u00f5i live kasiino tervitusboonuse vahel. Kui valid slotiboonuse, saad 100% sissemakse vastavuse kuni $1000 + 300 tasuta keerutust MGM Grand Emerald Nights m\u00e4ngus. Boonus aktiveeritakse $10+ sissemaksega ja see tuleb lunastada 7 p\u00e4eva jooksul p\u00e4rast konto registreerimist. Sul on n\u00e4dal aega, et t\u00e4ita panustamise n\u00f5uded, mis on seatud 20-kordseks.   <\/p>\n<p><img decoding=\"async\" src=\"\/wp-content\/uploads\/2024\/11\/royal-panda-bonus.webp\" alt=\"royal panda boonus\" width=\"380\" height=\"auto\" class=\"alignright size-full wp-image-23\" srcset=\"https:\/\/royal-panda.win\/wp-content\/uploads\/2024\/11\/royal-panda-bonus.webp 960w, https:\/\/royal-panda.win\/wp-content\/uploads\/2024\/11\/royal-panda-bonus-300x169.webp 300w, https:\/\/royal-panda.win\/wp-content\/uploads\/2024\/11\/royal-panda-bonus-768x432.webp 768w, https:\/\/royal-panda.win\/wp-content\/uploads\/2024\/11\/royal-panda-bonus-747x420.webp 747w, https:\/\/royal-panda.win\/wp-content\/uploads\/2024\/11\/royal-panda-bonus-640x360.webp 640w, https:\/\/royal-panda.win\/wp-content\/uploads\/2024\/11\/royal-panda-bonus-681x383.webp 681w\" sizes=\"(max-width: 960px) 100vw, 960px\" \/><\/p>\n<p>Royal Panda kasiino boonus pakub 100% vastavust sinu esimesele $10+ sissemaksele kuni $1000. Saad ka lisaks $15 Evolution m\u00e4ngudele. Boonustasud kehtivad 7 p\u00e4eva ja pead t\u00e4itma 40-kordse panustamise n\u00f5uded, et neid v\u00e4lja v\u00f5tta.  <\/p>\n<p>Bamboo Bonus on j\u00e4relk\u00e4iv tervituspakkumine. See on taaslaadimise boonus, mis on saadaval igal n\u00e4dalal reedest laup\u00e4evani. Aktiveerid boonuse $10+ sissemaksega, et saada 50% vastavus kuni $150. Peaksid t\u00e4itma 35-kordse panustamise n\u00f5uded 3 p\u00e4eva jooksul p\u00e4rast boonuse saamist.   <\/p>\n<h3>Kuidas kasutada tasuta keerutusi<\/h3>\n<p>Kasiino algajatel v\u00f5ib olla keeruline m\u00f5ista, kuidas kasutada Royal Panda tasuta keerutusi. Selgitame protsessi. K\u00f5igepealt peaksid lunastama oma tasuta keerutused, mis n\u00f5uab boonuse aktiveerimist ja sissemakse tegemist. Kui tehing on t\u00f6\u00f6deldud, krediteerib sait sulle tasuta keerutused. K\u00f5ik, mis j\u00e4\u00e4b, on leida m\u00e4ng, millele sinu tasuta keerutused kehtivad, k\u00e4ivitada see ja valida m\u00e4ngimise ajal v\u00f5imalus kasutada keerutusi.    <\/p>\n<h3>\ud83d\udd25 Kasiino VIP-programm<\/h3>\n<p>Lisaks sissemakse vastavustele ja tasuta keerutustele pakub Royal Panda kasiino ka p\u00f5nevat VIP-programmi. Sellest osaks saamiseks peaksid v\u00f5tma vastu v\u00e4ljakutse: keerutada konkreetset slotim\u00e4ngu 300 korda minimaalse panusega $0,50. Kui see on tehtud, premeerib sait sind boonusratta keerutusega, mis annab sulle tasuta keerutusi v\u00f5i sularaha.  <\/p>\n<h2>Registreeru 3 minutiga!<\/h2>\n<p>Konto loomine on vaid m\u00f5ne kl\u00f5psu ja t\u00e4idetud v\u00e4lja k\u00fcsimus. See samm-sammult juhend selgitab protsessi: <\/p>\n<ol>\n<li>Kl\u00f5psa \u201eRegistreeru.\u201c See on nupp liidese \u00fclemises paremas nurgas. <\/li>\n<li>T\u00e4ida v\u00e4ljad. Sait n\u00f5uab sinu e-posti, parooli, telefoninumbrit ja elukoha andmeid. Alternatiivina v\u00f5id luua konto Google&#8217;i kaudu.  <\/li>\n<\/ol>\n<p><strong><i>Et saada t\u00e4ie\u00f5iguslikuks kasiino liikmeks, navigeeri oma konto seadetesse ja taotle isikusamasuse kontrollimist. P\u00e4rast seda, kui oled esitanud saidi haldajatele oma ID-kaardi, t\u00f6\u00f6deldakse sinu kontrollimist kuni 3 p\u00e4eva jooksul, avades v\u00e4ljamaksed. <\/i><\/strong><\/p>\n<p style=\"text-align:center;margin-top: 30px;\"><a href=\"\/play\/\" class=\"auth-button signup-button\">REGISTREERU BOONUSEGA<\/a><\/p>\n<h3>Royal Panda sisselogimisprotsess<\/h3>\n<p>Royal Panda kasiinossa sisselogimiseks sisesta registreerimisel esitatud andmed. Sisselogimine Google&#8217;i konto kaudu on standardne nagu teistelgi saitidel, mis seda funktsiooni kasutavad. <\/p>\n<p>Kui sul on raskusi parooli meenutamisega, on soovitatav see l\u00e4htestada. Selleks kl\u00f5psa \u201eLogi sisse\u201c ja vali \u201eUnustasin parooli.\u201c P\u00e4rast e-posti aadressi m\u00e4rkimist saadab sait sulle s\u00f5numi juhistega, kuidas luua uus parool.  <\/p>\n<h2>Maksev\u00f5imalused<\/h2>\n<p><img loading=\"lazy\" decoding=\"async\" src=\"\/wp-content\/uploads\/2024\/11\/payments-and-providers.jpg\" alt=\"maksed ja pakkujad\" style=\"border-radius:40px\" width=\"1754\" height=\"87\" class=\"aligncenter size-full wp-image-25\" srcset=\"https:\/\/royal-panda.win\/wp-content\/uploads\/2024\/11\/payments-and-providers.jpg 1754w, https:\/\/royal-panda.win\/wp-content\/uploads\/2024\/11\/payments-and-providers-300x15.jpg 300w, https:\/\/royal-panda.win\/wp-content\/uploads\/2024\/11\/payments-and-providers-1024x51.jpg 1024w, https:\/\/royal-panda.win\/wp-content\/uploads\/2024\/11\/payments-and-providers-768x38.jpg 768w, https:\/\/royal-panda.win\/wp-content\/uploads\/2024\/11\/payments-and-providers-1536x76.jpg 1536w, https:\/\/royal-panda.win\/wp-content\/uploads\/2024\/11\/payments-and-providers-640x32.jpg 640w, https:\/\/royal-panda.win\/wp-content\/uploads\/2024\/11\/payments-and-providers-681x34.jpg 681w\" sizes=\"(max-width: 1754px) 100vw, 1754px\" \/><\/p>\n<p>See kasiino v\u00f5imaldab kiireid ja lihtsaid makseid Visa, Mastercard, panga\u00fclekande, Interac, Neteller, Skrill, Paysafecard ja Apple Pay kaudu. Raha saatmiseks saidile\/saidilt ava kassalehe, vali makseviis ja sisesta summa. P\u00e4rast oma kontoj\u00e4\u00e4gi andmete m\u00e4rkimist ja makse kinnitamist algab tehingu t\u00f6\u00f6tlemine.  <\/p>\n<h3>V\u00e4ljamakse aeg ja piirangud<\/h3>\n<p>V\u00e4ljamaksed on saadaval ainult p\u00e4rast isikusamasuse kontrollimist. Royal Panda kasiino peab teadma, kes sa oled, et j\u00e4rgida kohalike eeskirjadega kehtestatud rahapesu t\u00f5kestamise (AML) ja kliendi tundmise (KYC) tavasid. Selle tulemusena v\u00f5ivad v\u00e4ljamaksed v\u00f5tta kuni 3 p\u00e4eva. Piirangud erinevad s\u00f5ltuvalt valitud v\u00e4ljamakse meetodist; saad piiranguid kontrollida enne v\u00e4ljamakset kassalehel.<\/p>\n","protected":false},"excerpt":{"rendered":"<p>LOGI SISSEREGISTREERU Otsid usaldusv\u00e4\u00e4rset online kasiinot? L\u00f5peta otsimine ja vali Royal Panda kasiino! See on litsentseeritud ja reguleeritud Kanada operaator tuhandete slotim\u00e4ngudega, live kasiino sektsiooniga ja mitmete boonustega. Royal Panda teeb koost\u00f6\u00f6d juhtivate m\u00e4ngutootjatega nagu NetEnt ja Evolution. \ud83d\udcc5 Asutamisaasta 2014 \ud83d\udee1 Litsents\ufe0f reguleeritud Ontario alkoholi- ja hasartm\u00e4ngukomisjoni ning Malta hasartm\u00e4nguameti poolt \ud83c\udfae M\u00e4ngude arv [&hellip;]<\/p>\n","protected":false},"author":1,"featured_media":101,"parent":0,"menu_order":0,"comment_status":"closed","ping_status":"open","template":"","meta":{"footnotes":""},"yoast_head":"<!-- This site is optimized with the Yoast SEO plugin v23.7 - https:\/\/yoast.com\/wordpress\/plugins\/seo\/ -->\n<title>Royal Panda \u2460 parimad online kasiinom\u00e4ngud ja $1000 boonus<\/title>\n<meta name=\"description\" content=\"M\u00e4ngi parimaid online slotim\u00e4nge Royal Panda kasiinos. \u00dcle 100 live diileri laua pokkeriks, rulettideks ja blackjackiks. \u2705 Naudi Royal Pandat boonusega kuni $1000!\" \/>\n<meta name=\"robots\" content=\"index, follow, max-snippet:-1, max-image-preview:large, max-video-preview:-1\" \/>\n<link rel=\"canonical\" href=\"https:\/\/royal-panda.win\/et\/\" \/>\n<meta property=\"og:locale\" content=\"et_EE\" \/>\n<meta property=\"og:type\" content=\"article\" \/>\n<meta property=\"og:title\" content=\"Royal Panda \u2460 parimad online kasiinom\u00e4ngud ja $1000 boonus\" \/>\n<meta property=\"og:description\" content=\"M\u00e4ngi parimaid online slotim\u00e4nge Royal Panda kasiinos. \u00dcle 100 live diileri laua pokkeriks, rulettideks ja blackjackiks. \u2705 Naudi Royal Pandat boonusega kuni $1000!\" \/>\n<meta property=\"og:url\" content=\"https:\/\/royal-panda.win\/et\/\" \/>\n<meta property=\"og:site_name\" content=\"Royal Panda Casino\" \/>\n<meta property=\"article:modified_time\" content=\"2025-08-11T12:33:57+00:00\" \/>\n<meta property=\"og:image\" content=\"http:\/\/royal-panda.win\/wp-content\/uploads\/2024\/11\/royal-panda-bonus.webp\" \/>\n\t<meta property=\"og:image:width\" content=\"960\" \/>\n\t<meta property=\"og:image:height\" content=\"540\" \/>\n\t<meta property=\"og:image:type\" content=\"image\/webp\" \/>\n<meta name=\"twitter:card\" content=\"summary_large_image\" \/>\n<meta name=\"twitter:label1\" content=\"Est. reading time\" \/>\n\t<meta name=\"twitter:data1\" content=\"7 minutit\" \/>\n<script type=\"application\/ld+json\" class=\"yoast-schema-graph\">{\"@context\":\"https:\/\/schema.org\",\"@graph\":[{\"@type\":\"WebPage\",\"@id\":\"https:\/\/royal-panda.win\/et\/\",\"url\":\"https:\/\/royal-panda.win\/et\/\",\"name\":\"Royal Panda \u2460 parimad online kasiinom\u00e4ngud ja $1000 boonus\",\"isPartOf\":{\"@id\":\"https:\/\/royal-panda.win\/et\/#website\"},\"primaryImageOfPage\":{\"@id\":\"https:\/\/royal-panda.win\/et\/#primaryimage\"},\"image\":{\"@id\":\"https:\/\/royal-panda.win\/et\/#primaryimage\"},\"thumbnailUrl\":\"https:\/\/royal-panda.win\/wp-content\/uploads\/2024\/11\/royal-panda-bonus.webp\",\"datePublished\":\"2024-05-23T12:32:17+00:00\",\"dateModified\":\"2025-08-11T12:33:57+00:00\",\"description\":\"M\u00e4ngi parimaid online slotim\u00e4nge Royal Panda kasiinos. \u00dcle 100 live diileri laua pokkeriks, rulettideks ja blackjackiks. \u2705 Naudi Royal Pandat boonusega kuni $1000!\",\"breadcrumb\":{\"@id\":\"https:\/\/royal-panda.win\/et\/#breadcrumb\"},\"inLanguage\":\"et\",\"potentialAction\":[{\"@type\":\"ReadAction\",\"target\":[\"https:\/\/royal-panda.win\/et\/\"]}]},{\"@type\":\"ImageObject\",\"inLanguage\":\"et\",\"@id\":\"https:\/\/royal-panda.win\/et\/#primaryimage\",\"url\":\"https:\/\/royal-panda.win\/wp-content\/uploads\/2024\/11\/royal-panda-bonus.webp\",\"contentUrl\":\"https:\/\/royal-panda.win\/wp-content\/uploads\/2024\/11\/royal-panda-bonus.webp\",\"width\":960,\"height\":540,\"caption\":\"royal panda bonus\"},{\"@type\":\"BreadcrumbList\",\"@id\":\"https:\/\/royal-panda.win\/et\/#breadcrumb\",\"itemListElement\":[{\"@type\":\"ListItem\",\"position\":1,\"name\":\"Home\",\"item\":\"https:\/\/royal-panda.win\/et\/\"},{\"@type\":\"ListItem\",\"position\":2,\"name\":\"Royal Panda \u2013 live kasiino ja slotim\u00e4ngud\"}]},{\"@type\":\"WebSite\",\"@id\":\"https:\/\/royal-panda.win\/et\/#website\",\"url\":\"https:\/\/royal-panda.win\/et\/\",\"name\":\"Royal Panda Casino\",\"description\":\"\",\"alternateName\":\"royal-panda.win\",\"potentialAction\":[{\"@type\":\"SearchAction\",\"target\":{\"@type\":\"EntryPoint\",\"urlTemplate\":\"https:\/\/royal-panda.win\/et\/?s={search_term_string}\"},\"query-input\":{\"@type\":\"PropertyValueSpecification\",\"valueRequired\":true,\"valueName\":\"search_term_string\"}}],\"inLanguage\":\"et\"}]}<\/script>\n<!-- \/ Yoast SEO plugin. -->","yoast_head_json":{"title":"Royal Panda \u2460 parimad online kasiinom\u00e4ngud ja $1000 boonus","description":"M\u00e4ngi parimaid online slotim\u00e4nge Royal Panda kasiinos. \u00dcle 100 live diileri laua pokkeriks, rulettideks ja blackjackiks. \u2705 Naudi Royal Pandat boonusega kuni $1000!","robots":{"index":"index","follow":"follow","max-snippet":"max-snippet:-1","max-image-preview":"max-image-preview:large","max-video-preview":"max-video-preview:-1"},"canonical":"https:\/\/royal-panda.win\/et\/","og_locale":"et_EE","og_type":"article","og_title":"Royal Panda \u2460 parimad online kasiinom\u00e4ngud ja $1000 boonus","og_description":"M\u00e4ngi parimaid online slotim\u00e4nge Royal Panda kasiinos. \u00dcle 100 live diileri laua pokkeriks, rulettideks ja blackjackiks. \u2705 Naudi Royal Pandat boonusega kuni $1000!","og_url":"https:\/\/royal-panda.win\/et\/","og_site_name":"Royal Panda Casino","article_modified_time":"2025-08-11T12:33:57+00:00","og_image":[{"width":960,"height":540,"url":"http:\/\/royal-panda.win\/wp-content\/uploads\/2024\/11\/royal-panda-bonus.webp","type":"image\/webp"}],"twitter_card":"summary_large_image","twitter_misc":{"Est. reading time":"7 minutit"},"schema":{"@context":"https:\/\/schema.org","@graph":[{"@type":"WebPage","@id":"https:\/\/royal-panda.win\/et\/","url":"https:\/\/royal-panda.win\/et\/","name":"Royal Panda \u2460 parimad online kasiinom\u00e4ngud ja $1000 boonus","isPartOf":{"@id":"https:\/\/royal-panda.win\/et\/#website"},"primaryImageOfPage":{"@id":"https:\/\/royal-panda.win\/et\/#primaryimage"},"image":{"@id":"https:\/\/royal-panda.win\/et\/#primaryimage"},"thumbnailUrl":"https:\/\/royal-panda.win\/wp-content\/uploads\/2024\/11\/royal-panda-bonus.webp","datePublished":"2024-05-23T12:32:17+00:00","dateModified":"2025-08-11T12:33:57+00:00","description":"M\u00e4ngi parimaid online slotim\u00e4nge Royal Panda kasiinos. \u00dcle 100 live diileri laua pokkeriks, rulettideks ja blackjackiks. \u2705 Naudi Royal Pandat boonusega kuni $1000!","breadcrumb":{"@id":"https:\/\/royal-panda.win\/et\/#breadcrumb"},"inLanguage":"et","potentialAction":[{"@type":"ReadAction","target":["https:\/\/royal-panda.win\/et\/"]}]},{"@type":"ImageObject","inLanguage":"et","@id":"https:\/\/royal-panda.win\/et\/#primaryimage","url":"https:\/\/royal-panda.win\/wp-content\/uploads\/2024\/11\/royal-panda-bonus.webp","contentUrl":"https:\/\/royal-panda.win\/wp-content\/uploads\/2024\/11\/royal-panda-bonus.webp","width":960,"height":540,"caption":"royal panda bonus"},{"@type":"BreadcrumbList","@id":"https:\/\/royal-panda.win\/et\/#breadcrumb","itemListElement":[{"@type":"ListItem","position":1,"name":"Home","item":"https:\/\/royal-panda.win\/et\/"},{"@type":"ListItem","position":2,"name":"Royal Panda \u2013 live kasiino ja slotim\u00e4ngud"}]},{"@type":"WebSite","@id":"https:\/\/royal-panda.win\/et\/#website","url":"https:\/\/royal-panda.win\/et\/","name":"Royal Panda Casino","description":"","alternateName":"royal-panda.win","potentialAction":[{"@type":"SearchAction","target":{"@type":"EntryPoint","urlTemplate":"https:\/\/royal-panda.win\/et\/?s={search_term_string}"},"query-input":{"@type":"PropertyValueSpecification","valueRequired":true,"valueName":"search_term_string"}}],"inLanguage":"et"}]}},"_links":{"self":[{"href":"https:\/\/royal-panda.win\/et\/wp-json\/wp\/v2\/pages\/161"}],"collection":[{"href":"https:\/\/royal-panda.win\/et\/wp-json\/wp\/v2\/pages"}],"about":[{"href":"https:\/\/royal-panda.win\/et\/wp-json\/wp\/v2\/types\/page"}],"author":[{"embeddable":true,"href":"https:\/\/royal-panda.win\/et\/wp-json\/wp\/v2\/users\/1"}],"replies":[{"embeddable":true,"href":"https:\/\/royal-panda.win\/et\/wp-json\/wp\/v2\/comments?post=161"}],"version-history":[{"count":2,"href":"https:\/\/royal-panda.win\/et\/wp-json\/wp\/v2\/pages\/161\/revisions"}],"predecessor-version":[{"id":167,"href":"https:\/\/royal-panda.win\/et\/wp-json\/wp\/v2\/pages\/161\/revisions\/167"}],"wp:featuredmedia":[{"embeddable":true,"href":"https:\/\/royal-panda.win\/et\/wp-json\/wp\/v2\/media\/101"}],"wp:attachment":[{"href":"https:\/\/royal-panda.win\/et\/wp-json\/wp\/v2\/media?parent=161"}],"curies":[{"name":"wp","href":"https:\/\/api.w.org\/{rel}","templated":true}]}}