{"id":159,"date":"2024-05-23T12:32:17","date_gmt":"2024-05-23T12:32:17","guid":{"rendered":"https:\/\/royal-panda.win\/royal-panda-live-casino-och-spelautomater\/"},"modified":"2025-08-11T12:32:38","modified_gmt":"2025-08-11T12:32:38","slug":"royal-panda-live-casino-och-spelautomater","status":"publish","type":"page","link":"https:\/\/royal-panda.win\/sv\/","title":{"rendered":"Royal Panda &#8211; Live Casino och spelautomater"},"content":{"rendered":"<p><img loading=\"lazy\" decoding=\"async\" src=\"\/wp-content\/uploads\/2024\/11\/main-bonus.webp\" alt=\"huvudbonus\" width=\"1889\" height=\"547\" class=\"aligncenter size-full wp-image-21\" srcset=\"https:\/\/royal-panda.win\/wp-content\/uploads\/2024\/11\/main-bonus.webp 1889w, https:\/\/royal-panda.win\/wp-content\/uploads\/2024\/11\/main-bonus-300x87.webp 300w, https:\/\/royal-panda.win\/wp-content\/uploads\/2024\/11\/main-bonus-1024x297.webp 1024w, https:\/\/royal-panda.win\/wp-content\/uploads\/2024\/11\/main-bonus-768x222.webp 768w, https:\/\/royal-panda.win\/wp-content\/uploads\/2024\/11\/main-bonus-1536x445.webp 1536w, https:\/\/royal-panda.win\/wp-content\/uploads\/2024\/11\/main-bonus-1450x420.webp 1450w, https:\/\/royal-panda.win\/wp-content\/uploads\/2024\/11\/main-bonus-640x185.webp 640w, https:\/\/royal-panda.win\/wp-content\/uploads\/2024\/11\/main-bonus-681x197.webp 681w\" sizes=\"(max-width: 1889px) 100vw, 1889px\" \/><\/p>\n<div class=\"auth-buttons\"><a href=\"\/play\/\" class=\"auth-button login-button\">LOGGA IN<\/a><a href=\"\/play\/\" class=\"auth-button signup-button\">REGISTRERA DIG<\/a><\/div>\n<p>Letar du efter ett p\u00e5litligt online casino? Stoppa din s\u00f6kning och v\u00e4lj Royal Panda Casino! Det \u00e4r en licensierad och reglerad kanadensisk operat\u00f6r med tusentals slots, en live casino-sektion och en rad bonusar. Royal Panda samarbetar med ledande spelleverant\u00f6rer som NetEnt och Evolution.   <\/p>\n<table>\n<tr>\n<th>\ud83d\udcc5 Stiftelsens \u00e5r<\/th>\n<td>2014<\/td>\n<\/tr>\n<tr>\n<th>\ud83d\udee1 Licens\ufe0f Spellicens<\/th>\n<td>Regleras av Alkohol- och spelkommissionen i Ontario och Malta Gaming Authority<\/td>\n<\/tr>\n<tr>\n<th>\ud83c\udfae Antal spel<\/th>\n<td>\u00d6ver 2 000 kasinospel\ud83c\udfae<\/td>\n<\/tr>\n<tr>\n<th>\ud83c\udf81 V\u00e4lkomsterbjudande<\/th>\n<td>Casino v\u00e4lkomstbonus: $ 1,000 + 300 gratissnurr<br \/>Live casino v\u00e4lkomstbonus: $ 1,000 + $ 15 p\u00e5 Evolution-spel<\/td>\n<\/tr>\n<tr>\n<th>\ud83d\udcb3 Betalningsmetoder<\/th>\n<td>Visa, Mastercard, Bank\u00f6verf\u00f6ring, Interac, Skrill, Neosurf, Apple Pay och Paysafecard<\/td>\n<\/tr>\n<tr>\n<th>\ud83d\udcf1 Kompatibilitet med mobiler<\/th>\n<td>Mobiloptimerad plattform<\/td>\n<\/tr>\n<tr>\n<th>\ud83d\udcde Kundtj\u00e4nst<\/th>\n<td>Live chatt<\/td>\n<\/tr>\n<\/table>\n<h2>\ud83d\udc3c \u00d6versikt och funktioner f\u00f6r Royal Panda<\/h2>\n<p>Operat\u00f6ren har byggt upp ett gediget rykte som ett internationellt toppcasino sedan lanseringen 2014. Det \u00e4r 100% lagligt under licenser fr\u00e5n Alcohol and Gaming Commission of Ontario och Malta Gaming Authority. H\u00e4r \u00e4r n\u00e5gra av Royal Panda huvudfunktioner:  <\/p>\n<p>\u27a7 Flexibelt v\u00e4lkomsterbjudande. Du kan v\u00e4lja mellan en bonus p\u00e5 1 000 USD p\u00e5 slots + 300 free spins p\u00e5 MGM Grand Emerald Nights eller en bonus p\u00e5 1 000 USD p\u00e5 livespel + 15 USD p\u00e5 Evolution-spel. <\/p>\n<p>\u27a7 Urval av kvalitetsspel. Webbplatsen har cirka 2 000 spel fr\u00e5n v\u00e4lk\u00e4nda spelleverant\u00f6rer. <\/p>\n<p>\u27a7 Nya spel. \u0421asino uppdaterar regelbundet fliken &#8221;Nytt&#8221; med de senaste spelen. <\/p>\n<p>\u27a7 St\u00f6djande kundv\u00e5rd. Supportteamet svarar p\u00e5 vanliga kundfr\u00e5gor i &#8221;Help Center&#8221; och hj\u00e4lper till via &#8221;Live Chat&#8221;. <\/p>\n<p>\u27a7 Snabb registrering. Du kan snabbt registrera dig p\u00e5 ett internetcasino via ditt Google-konto. <\/p>\n<p>Det finns bekv\u00e4ma betalningss\u00e4tt, inklusive Visa, Mastercard, Bank\u00f6verf\u00f6ring, Interac, Neteller, Skrill och Apple Pay, med l\u00e5ga avgifter och snabba behandlingstider.<\/p>\n<h2>Royal Panda kasinospel<\/h2>\n<p><img loading=\"lazy\" decoding=\"async\" src=\"\/wp-content\/uploads\/2024\/11\/slots.jpg\" alt=\"platser\" width=\"1199\" height=\"387\" class=\"aligncenter size-full wp-image-26\" srcset=\"https:\/\/royal-panda.win\/wp-content\/uploads\/2024\/11\/slots.jpg 1199w, https:\/\/royal-panda.win\/wp-content\/uploads\/2024\/11\/slots-300x97.jpg 300w, https:\/\/royal-panda.win\/wp-content\/uploads\/2024\/11\/slots-1024x331.jpg 1024w, https:\/\/royal-panda.win\/wp-content\/uploads\/2024\/11\/slots-768x248.jpg 768w, https:\/\/royal-panda.win\/wp-content\/uploads\/2024\/11\/slots-640x207.jpg 640w, https:\/\/royal-panda.win\/wp-content\/uploads\/2024\/11\/slots-681x220.jpg 681w\" sizes=\"(max-width: 1199px) 100vw, 1199px\" \/><\/p>\n<p style=\"text-align:center;margin-top: 30px;\"><a href=\"\/play\/\" class=\"auth-button signup-button\">KLICKA F\u00d6R ATT SPELA SPEL<\/a><\/p>\n<p>Kasinospel \u00e4r det som g\u00f6r att Royal Panda online casino sticker ut. Operat\u00f6ren erbjuder ett stort utbud av alternativ, s\u00e5 att du kan v\u00e4lja dina favoriter skr\u00e4ddarsydda efter dina preferenser. Kasinok\u00e4llspel fr\u00e5n ansedda leverant\u00f6rer, till exempel Pragmatic Play, Evolution, Playson och Push Gaming. L\u00e5t oss ta en djupare titt p\u00e5 spelavsnittet.   <\/p>\n<h3>Spelautomater<\/h3>\n<p>Onlinekasinot erbjuder en m\u00e4ngd olika spelautomater med olika teman &#8211; pirat, anime och djur, samt bonusmekanismer som ackumulerande jackpottar, wilds och scatters. Dessa slots \u00e4r de mest popul\u00e4ra: <\/p>\n<table>\n<tr>\n<th>Hundhuset<\/th>\n<td>En slot med 95,51% RTP fr\u00e5n Pragmatic Play med h\u00f6g volatilitet. The Dog House tar dig till ett omr\u00e5de som \u00e4r \u00f6versv\u00e4mmat av f\u00f6rrymda hundar. Ta tag i valpar av olika raser och \u00f6ka vinsten i bonusspelet med upp till 6 750 g\u00e5nger.  <\/td>\n<\/tr>\n<tr>\n<th>D\u00f6dens bok\ufe0f<\/th>\n<td>En 96,21% RTP-slot fr\u00e5n Play&#8217;n GO med h\u00f6g volatilitet. Book of Dead bjuder in dig att f\u00f6lja med en ber\u00f6md \u00e4ventyrare, Rich Wild, n\u00e4r du g\u00e5r ner i de egyptiska pyramiderna. Spelet inneh\u00e5ller free spins med en maxvinst p\u00e5 upp till x5 000 om du samlar tillr\u00e4ckligt m\u00e5nga antika artefakter.  <\/td>\n<\/tr>\n<tr>\n<th>S\u00f6t Bonanza<\/th>\n<td>En slot med 96,51% RTP fr\u00e5n Pragmatic Play med medelh\u00f6g volatilitet. Spelet tar dig till Candyland, d\u00e4r du samlar de godaste s\u00f6tsakerna. N\u00e4r du g\u00f6r det aktiverar du free spins och exploderande symboler, vilket g\u00f6r att du kan vinna upp till x21 100 genom flera kedjekombinationer.  <\/td>\n<\/tr>\n<\/table>\n<p><strong><i>Du kan hitta de andra popul\u00e4ra spelautomaterna genom att v\u00e4lja fliken &#8221;Popul\u00e4r&#8221;.<\/i><\/strong><\/p>\n<h3>Spel med progressiva jackpottar<\/h3>\n<p>Den n\u00e4st mest bes\u00f6kta RoyalPanda-sektionen \u00e4r progressiva jackpotspel. Till skillnad fr\u00e5n vanliga slots och bordsspel \u00e4r jackpottarna i dessa spel inte begr\u00e4nsade till ett visst belopp. Ist\u00e4llet ackumuleras de fr\u00e5n andra spelares satsningar, vilket m\u00f6jligg\u00f6r jackpottar v\u00e4rda miljontals dollar. Spelautomaterna b\u00f6rjar bygga upp sina h\u00f6gsta bel\u00f6ningar igen efter att du har vunnit en progressiv jackpot.   <\/p>\n<h3>Bords- och kortspel<\/h3>\n<p>Slots erbjuder begr\u00e4nsat beslutsfattande: du trycker bara p\u00e5 en enda knapp. Om du letar efter mer variation i spel \u00e4r du v\u00e4lkommen in i kasinots bordsspelsektion, full av flerlinjiga spel som roulette och craps. Webbplatsen har ocks\u00e5 poker-, baccarat- och blackjackrum f\u00f6r dem som tycker om konkurrens.  <\/p>\n<h3>Video Poker<\/h3>\n<p>Videopoker kan vara perfekt f\u00f6r dig om du gillar mekaniken i att samla kortkombinationer men f\u00f6redrar att undvika konkurrens. Det mest popul\u00e4ra alternativet h\u00e4r \u00e4r First Person Video Poker. Det placerar dig framf\u00f6r en 90-talssk\u00e4rm som visar klassiska livepokerrundor, vilket ger ett perfekt s\u00e4tt att omfamna ett spels retroatmosf\u00e4r.  <\/p>\n<h2>Live-spel med dealers<\/h2>\n<p>De som f\u00f6redrar atmosf\u00e4ren p\u00e5 tegel- och murbrukskasinon kommer att njuta av webbplatsens avsnitt med live-spel. Spel genomf\u00f6rs av faktiska \u00e5terf\u00f6rs\u00e4ljare vars f\u00f6rest\u00e4llningar str\u00f6mmas till dig fr\u00e5n professionella spelstudior. H\u00e4r \u00e4r n\u00e5gra popul\u00e4ra alternativ fr\u00e5n detta avsnitt:  <\/p>\n<table>\n<tr>\n<th>Roulette<\/th>\n<td>V\u00e4lj en insats, oavsett om det \u00e4r ett nummer, en f\u00e4rg eller en grupp egenskaper, placera din insats och v\u00e4nta p\u00e5 att hjulet slutar snurra f\u00f6r att se om du vinner.<\/td>\n<\/tr>\n<tr>\n<th>Blackjack<\/th>\n<td>Samla en kombination av kort som ger en summa s\u00e5 n\u00e4ra 21 som m\u00f6jligt och ta hem potten om din po\u00e4ng \u00e4r b\u00e4ttre \u00e4n bankirens.<\/td>\n<\/tr>\n<tr>\n<th>Fortune Wheels, t.ex. Dream Catcher, Funky Time, Crazy Time och Monopoly Live<\/th>\n<td>Satsa p\u00e5 ett eller flera av hjulets segment och se det snurra. Se om du vinner n\u00e4r hjulet stannar. <\/td>\n<\/tr>\n<\/table>\n<p>Vissa av livespelen p\u00e5 Royal Panda Casino f\u00f6rb\u00e4ttras med extra modifierare. En av de vanligaste \u00e4r &#8221;Lightning&#8221;, som l\u00e4gger till extra multiplikatorer till specifika linjer f\u00f6re varje omg\u00e5ng. Vissa erbjudanden presenteras ocks\u00e5 med &#8221;Speed&#8221; eller &#8221;Fast&#8221; -taggar, vilket underl\u00e4ttar snabbare rundor och mer vinst p\u00e5 kortast m\u00f6jliga tid.  <\/p>\n<h2>Royal Panda Sportsbook<\/h2>\n<p>Tyv\u00e4rr har spelplattformen inte sportspel f\u00f6r tillf\u00e4llet. Det brukade vara tillg\u00e4ngligt. H\u00e5ll utkik efter uppdateringar och kanske kommer Royal Panda-bettingsektionen att l\u00e4ggas till i servicealternativen igen.  <\/p>\n<h2>Spela Royal Panda fr\u00e5n mobilen<\/h2>\n<p><img decoding=\"async\" src=\"\/wp-content\/uploads\/2024\/11\/royal-panda-mobile.webp\" alt=\"royal panda mobil\" width=\"380\" height=\"auto\" class=\"alignleft size-full wp-image-24\" srcset=\"https:\/\/royal-panda.win\/wp-content\/uploads\/2024\/11\/royal-panda-mobile.webp 960w, https:\/\/royal-panda.win\/wp-content\/uploads\/2024\/11\/royal-panda-mobile-300x169.webp 300w, https:\/\/royal-panda.win\/wp-content\/uploads\/2024\/11\/royal-panda-mobile-768x432.webp 768w, https:\/\/royal-panda.win\/wp-content\/uploads\/2024\/11\/royal-panda-mobile-747x420.webp 747w, https:\/\/royal-panda.win\/wp-content\/uploads\/2024\/11\/royal-panda-mobile-640x360.webp 640w, https:\/\/royal-panda.win\/wp-content\/uploads\/2024\/11\/royal-panda-mobile-681x383.webp 681w\" sizes=\"(max-width: 960px) 100vw, 960px\" \/><\/p>\n<p>F\u00f6r n\u00e4rvarande finns det ingen Royal Panda-mobilapp. Plattformen har dock en mycket kompatibel webbl\u00e4sarversion som \u00f6verensst\u00e4mmer med alla operativsystem. Det g\u00f6r att du kan spela alla spel smidigt s\u00e5 l\u00e4nge du har kapabel h\u00e5rdvara och en stabil internetanslutning. S\u00e5 h\u00e4r skapar du webbplatsens genv\u00e4g f\u00f6r snabb \u00e5tkomst:   <\/p>\n<ol>\n<li>\u00d6ppna en webbl\u00e4sare. Alla program fungerar, men vi rekommenderar att du anv\u00e4nder Google Chrome eller Safari. <\/li>\n<li>G\u00e5 till kasinot. Ange kasinots webbplatsnamn i webbl\u00e4saren. <\/li>\n<li>L\u00e4gg till en genv\u00e4g. Klicka p\u00e5 inst\u00e4llnings- eller delningsknappen, v\u00e4lj &#8221;L\u00e4gg till p\u00e5 hemsk\u00e4rmen&#8221; och namnge ikonen f\u00f6r en webbplats. <\/li>\n<\/ol>\n<p>Din startsk\u00e4rm kommer att inneh\u00e5lla kasinots ikon n\u00e4sta g\u00e5ng du kollar in den. K\u00e4nn dig fri att flytta den som du vill. Om du vill ta bort ikonen h\u00e5ller du den intryckt och v\u00e4ljer sedan alternativet &#8221;Ta bort&#8221;.  <\/p>\n<h2>Royal Panda Bonusar och specialerbjudanden<\/h2>\n<p>Du v\u00e4ljer mellan en slot eller live casino v\u00e4lkomstbel\u00f6ning. Om du v\u00e4ljer en slotbonus f\u00e5r du en 100% ins\u00e4ttningsmatchning p\u00e5 upp till $ 1,000 + 300 gratissnurr p\u00e5 MGM Grand Emerald Nights. Bonusen aktiveras med en ins\u00e4ttning p\u00e5 $ 10+ och m\u00e5ste kr\u00e4vas inom 7 dagar efter kontoregistrering. Du kommer att ha en vecka p\u00e5 dig att uppfylla oms\u00e4ttningskraven, som \u00e4r 20x.   <\/p>\n<p><img decoding=\"async\" src=\"\/wp-content\/uploads\/2024\/11\/royal-panda-bonus.webp\" alt=\"royal panda bonus\" width=\"380\" height=\"auto\" class=\"alignright size-full wp-image-23\" srcset=\"https:\/\/royal-panda.win\/wp-content\/uploads\/2024\/11\/royal-panda-bonus.webp 960w, https:\/\/royal-panda.win\/wp-content\/uploads\/2024\/11\/royal-panda-bonus-300x169.webp 300w, https:\/\/royal-panda.win\/wp-content\/uploads\/2024\/11\/royal-panda-bonus-768x432.webp 768w, https:\/\/royal-panda.win\/wp-content\/uploads\/2024\/11\/royal-panda-bonus-747x420.webp 747w, https:\/\/royal-panda.win\/wp-content\/uploads\/2024\/11\/royal-panda-bonus-640x360.webp 640w, https:\/\/royal-panda.win\/wp-content\/uploads\/2024\/11\/royal-panda-bonus-681x383.webp 681w\" sizes=\"(max-width: 960px) 100vw, 960px\" \/><\/p>\n<p>Royal Panda casino bonus erbjuder en 100% matchning p\u00e5 din f\u00f6rsta ins\u00e4ttning p\u00e5 $ 10+, upp till $ 1,000. Du f\u00e5r ocks\u00e5 $ 15 extra f\u00f6r Evolution-spel. Bonusbel\u00f6ningarna varar i 7 dagar, och du m\u00e5ste uppfylla satsningskraven p\u00e5 40x f\u00f6r att ta ut dem.  <\/p>\n<p>Bamboo Bonus \u00e4r ett uppf\u00f6ljande v\u00e4lkomsterbjudande. Det \u00e4r en laddningsbonus som \u00e4r tillg\u00e4nglig varje vecka fr\u00e5n fredag till l\u00f6rdag. Du aktiverar bonusen med en ins\u00e4ttning p\u00e5 $ 10+ f\u00f6r att f\u00e5 en 50% matchning p\u00e5 upp till $ 150. Du b\u00f6r uppfylla 35x satsningskraven inom 3 dagar efter bonusf\u00f6rv\u00e4rvet.   <\/p>\n<h3>Hur man anv\u00e4nder gratissnurr<\/h3>\n<p>Det kan vara knepigt f\u00f6r kasinonyb\u00f6rjare att f\u00f6rst\u00e5 hur man anv\u00e4nder Royal Panda gratissnurr. L\u00e5t oss klarg\u00f6ra processen. F\u00f6rst b\u00f6r du g\u00f6ra anspr\u00e5k p\u00e5 din FS, vilket kr\u00e4ver att du aktiverar bonusen och s\u00e4tter in. N\u00e4r transaktionen behandlas krediterar webbplatsen dig gratissnurr. Allt som \u00e5terst\u00e5r \u00e4r att hitta det spel som dina gratissnurr g\u00e4ller, starta det och v\u00e4lja alternativet att anv\u00e4nda snurr medan du spelar.    <\/p>\n<h3>\ud83d\udd25 Casino VIP-program<\/h3>\n<p>Ut\u00f6ver ins\u00e4ttningsmatcher och FS erbjuder Royal Panda Casino ocks\u00e5 ett sp\u00e4nnande VIP-program. F\u00f6r att bli en del av det b\u00f6r du v\u00e4lja en utmaning: snurra en specifik slot 300 g\u00e5nger med en minsta insats p\u00e5 $ 0.50. N\u00e4r du \u00e4r klar bel\u00f6nar webbplatsen dig med en snurr p\u00e5 bonushjulet, vilket ger dig gratissnurr eller kontanter.  <\/p>\n<h2>Registrera dig p\u00e5 3 minuter!<\/h2>\n<p>Att skapa ett konto \u00e4r en fr\u00e5ga om flera klick och ifyllda f\u00e4lt. Denna steg-f\u00f6r-steg-guide kommer att klarg\u00f6ra processen: <\/p>\n<ol>\n<li>Klicka p\u00e5 &#8221;Registrera dig&#8221;. Det \u00e4r en knapp i det \u00f6vre h\u00f6gra h\u00f6rnet av gr\u00e4nssnittet. <\/li>\n<li>Fyll i alla f\u00e4lt. Webbplatsen kr\u00e4ver din e-postadress, ditt l\u00f6senord, ditt telefonnummer och din bostadsort. Alternativt kan du skapa ett konto via Google.  <\/li>\n<\/ol>\n<p><strong><i>F\u00f6r att bli en fullv\u00e4rdig kasinomedlem, navigera i ditt kontos inst\u00e4llningar och beg\u00e4r en identitetsverifiering. N\u00e4r du har f\u00f6rsett webbplatsens chefer med ditt ID-kort kommer din verifiering att behandlas inom upp till 3 dagar och l\u00e5sa upp uttag. <\/i><\/strong><\/p>\n<p style=\"text-align:center;margin-top: 30px;\"><a href=\"\/play\/\" class=\"auth-button signup-button\">REGISTRERA DIG MED BONUS<\/a><\/p>\n<h3>Royal Panda inloggningsprocess<\/h3>\n<p>F\u00f6r att logga in p\u00e5 Royal Panda Casino, ange de referenser som tillhandah\u00e5lls under registreringen. Inloggning via ett Google-konto \u00e4r standard som f\u00f6r andra webbplatser som anv\u00e4nder den h\u00e4r funktionen. <\/p>\n<p>Om du har sv\u00e5rt att komma ih\u00e5g ditt l\u00f6senord rekommenderar vi att du \u00e5terst\u00e4ller det. F\u00f6r att g\u00f6ra det, klicka p\u00e5 &#8221;Logga in&#8221; och v\u00e4lj &#8221;Gl\u00f6mt l\u00f6senord.&#8221; N\u00e4r du har angett din e-postadress kommer webbplatsen att skicka ett meddelande med instruktioner om hur du skapar ett nytt l\u00f6senord.  <\/p>\n<h2>Betalningsalternativ<\/h2>\n<p><img loading=\"lazy\" decoding=\"async\" src=\"\/wp-content\/uploads\/2024\/11\/payments-and-providers.jpg\" alt=\"betalningar och leverant\u00f6rer\" style=\"border-radius:40px\" width=\"1754\" height=\"87\" class=\"aligncenter size-full wp-image-25\" srcset=\"https:\/\/royal-panda.win\/wp-content\/uploads\/2024\/11\/payments-and-providers.jpg 1754w, https:\/\/royal-panda.win\/wp-content\/uploads\/2024\/11\/payments-and-providers-300x15.jpg 300w, https:\/\/royal-panda.win\/wp-content\/uploads\/2024\/11\/payments-and-providers-1024x51.jpg 1024w, https:\/\/royal-panda.win\/wp-content\/uploads\/2024\/11\/payments-and-providers-768x38.jpg 768w, https:\/\/royal-panda.win\/wp-content\/uploads\/2024\/11\/payments-and-providers-1536x76.jpg 1536w, https:\/\/royal-panda.win\/wp-content\/uploads\/2024\/11\/payments-and-providers-640x32.jpg 640w, https:\/\/royal-panda.win\/wp-content\/uploads\/2024\/11\/payments-and-providers-681x34.jpg 681w\" sizes=\"(max-width: 1754px) 100vw, 1754px\" \/><\/p>\n<p>Detta kasino m\u00f6jligg\u00f6r snabba och enkla betalningar via Visa, Mastercard, Bank\u00f6verf\u00f6ring, Interac, Neteller, Skrill, Paysafecard och Apple Pay. F\u00f6r att skicka kontanter in \/ ut fr\u00e5n webbplatsen, \u00f6ppna en kass\u00f6rsida, v\u00e4lj en betalningsmetod och skriv in summan. Efter att du har angett dina balansuppgifter och bekr\u00e4ftat en betalning kommer transaktionen att b\u00f6rja behandlas.  <\/p>\n<h3>Uttagstid och uttagsbegr\u00e4nsningar<\/h3>\n<p>Uttag \u00e4r endast tillg\u00e4ngliga efter identitetsverifiering. Royal Panda Casino beh\u00f6ver veta vem du \u00e4r f\u00f6r att f\u00f6lja AML (Anti-Money Laundering) och KYC (Know Your Customer) -praxis som \u00e5l\u00e4ggs av lokala best\u00e4mmelser. Som ett resultat kan uttag ta upp till 3 dagar. Gr\u00e4nserna skiljer sig \u00e5t beroende p\u00e5 den valda uttagsmetoden; du kan kontrollera gr\u00e4nserna innan du tar ut p\u00e5 kass\u00f6rsidan.<\/p>\n","protected":false},"excerpt":{"rendered":"<p>LOGGA INREGISTRERA DIG Letar du efter ett p\u00e5litligt online casino? Stoppa din s\u00f6kning och v\u00e4lj Royal Panda Casino! Det \u00e4r en licensierad och reglerad kanadensisk operat\u00f6r med tusentals slots, en live casino-sektion och en rad bonusar. Royal Panda samarbetar med ledande spelleverant\u00f6rer som NetEnt och Evolution. \ud83d\udcc5 Stiftelsens \u00e5r 2014 \ud83d\udee1 Licens\ufe0f Spellicens Regleras av [&hellip;]<\/p>\n","protected":false},"author":1,"featured_media":109,"parent":0,"menu_order":0,"comment_status":"closed","ping_status":"open","template":"","meta":{"footnotes":""},"yoast_head":"<!-- This site is optimized with the Yoast SEO plugin v23.7 - https:\/\/yoast.com\/wordpress\/plugins\/seo\/ -->\n<title>Royal Panda \u2460 De b\u00e4sta kasinospelen online och $ 1000 bonus<\/title>\n<meta name=\"description\" content=\"Spela de b\u00e4sta online-slots p\u00e5 Royal Panda Casino. \u00d6ver 100 live dealer-bord f\u00f6r poker, rouletter och blackjack. \u2705 Njut av Royal Panda med bonus upp till $ 1000!\" \/>\n<meta name=\"robots\" content=\"index, follow, max-snippet:-1, max-image-preview:large, max-video-preview:-1\" \/>\n<link rel=\"canonical\" href=\"https:\/\/royal-panda.win\/sv\/\" \/>\n<meta property=\"og:locale\" content=\"sv_SE\" \/>\n<meta property=\"og:type\" content=\"article\" \/>\n<meta property=\"og:title\" content=\"Royal Panda \u2460 De b\u00e4sta kasinospelen online och $ 1000 bonus\" \/>\n<meta property=\"og:description\" content=\"Spela de b\u00e4sta online-slots p\u00e5 Royal Panda Casino. \u00d6ver 100 live dealer-bord f\u00f6r poker, rouletter och blackjack. \u2705 Njut av Royal Panda med bonus upp till $ 1000!\" \/>\n<meta property=\"og:url\" content=\"https:\/\/royal-panda.win\/sv\/\" \/>\n<meta property=\"og:site_name\" content=\"Royal Panda Casino\" \/>\n<meta property=\"article:modified_time\" content=\"2025-08-11T12:32:38+00:00\" \/>\n<meta property=\"og:image\" content=\"http:\/\/royal-panda.win\/wp-content\/uploads\/2024\/11\/royal-panda-bonus.webp\" \/>\n\t<meta property=\"og:image:width\" content=\"960\" \/>\n\t<meta property=\"og:image:height\" content=\"540\" \/>\n\t<meta property=\"og:image:type\" content=\"image\/webp\" \/>\n<meta name=\"twitter:card\" content=\"summary_large_image\" \/>\n<meta name=\"twitter:label1\" content=\"Est. reading time\" \/>\n\t<meta name=\"twitter:data1\" content=\"9 minuter\" \/>\n<script type=\"application\/ld+json\" class=\"yoast-schema-graph\">{\"@context\":\"https:\/\/schema.org\",\"@graph\":[{\"@type\":\"WebPage\",\"@id\":\"https:\/\/royal-panda.win\/sv\/\",\"url\":\"https:\/\/royal-panda.win\/sv\/\",\"name\":\"Royal Panda \u2460 De b\u00e4sta kasinospelen online och $ 1000 bonus\",\"isPartOf\":{\"@id\":\"https:\/\/royal-panda.win\/sv\/#website\"},\"primaryImageOfPage\":{\"@id\":\"https:\/\/royal-panda.win\/sv\/#primaryimage\"},\"image\":{\"@id\":\"https:\/\/royal-panda.win\/sv\/#primaryimage\"},\"thumbnailUrl\":\"https:\/\/royal-panda.win\/wp-content\/uploads\/2024\/11\/royal-panda-bonus.webp\",\"datePublished\":\"2024-05-23T12:32:17+00:00\",\"dateModified\":\"2025-08-11T12:32:38+00:00\",\"description\":\"Spela de b\u00e4sta online-slots p\u00e5 Royal Panda Casino. \u00d6ver 100 live dealer-bord f\u00f6r poker, rouletter och blackjack. \u2705 Njut av Royal Panda med bonus upp till $ 1000!\",\"breadcrumb\":{\"@id\":\"https:\/\/royal-panda.win\/sv\/#breadcrumb\"},\"inLanguage\":\"sv-SE\",\"potentialAction\":[{\"@type\":\"ReadAction\",\"target\":[\"https:\/\/royal-panda.win\/sv\/\"]}]},{\"@type\":\"ImageObject\",\"inLanguage\":\"sv-SE\",\"@id\":\"https:\/\/royal-panda.win\/sv\/#primaryimage\",\"url\":\"https:\/\/royal-panda.win\/wp-content\/uploads\/2024\/11\/royal-panda-bonus.webp\",\"contentUrl\":\"https:\/\/royal-panda.win\/wp-content\/uploads\/2024\/11\/royal-panda-bonus.webp\",\"width\":960,\"height\":540,\"caption\":\"royal panda bonus\"},{\"@type\":\"BreadcrumbList\",\"@id\":\"https:\/\/royal-panda.win\/sv\/#breadcrumb\",\"itemListElement\":[{\"@type\":\"ListItem\",\"position\":1,\"name\":\"Home\",\"item\":\"https:\/\/royal-panda.win\/sv\/\"},{\"@type\":\"ListItem\",\"position\":2,\"name\":\"Royal Panda &#8211; Live Casino och spelautomater\"}]},{\"@type\":\"WebSite\",\"@id\":\"https:\/\/royal-panda.win\/sv\/#website\",\"url\":\"https:\/\/royal-panda.win\/sv\/\",\"name\":\"Royal Panda Casino\",\"description\":\"\",\"alternateName\":\"royal-panda.win\",\"potentialAction\":[{\"@type\":\"SearchAction\",\"target\":{\"@type\":\"EntryPoint\",\"urlTemplate\":\"https:\/\/royal-panda.win\/sv\/?s={search_term_string}\"},\"query-input\":{\"@type\":\"PropertyValueSpecification\",\"valueRequired\":true,\"valueName\":\"search_term_string\"}}],\"inLanguage\":\"sv-SE\"}]}<\/script>\n<!-- \/ Yoast SEO plugin. -->","yoast_head_json":{"title":"Royal Panda \u2460 De b\u00e4sta kasinospelen online och $ 1000 bonus","description":"Spela de b\u00e4sta online-slots p\u00e5 Royal Panda Casino. \u00d6ver 100 live dealer-bord f\u00f6r poker, rouletter och blackjack. \u2705 Njut av Royal Panda med bonus upp till $ 1000!","robots":{"index":"index","follow":"follow","max-snippet":"max-snippet:-1","max-image-preview":"max-image-preview:large","max-video-preview":"max-video-preview:-1"},"canonical":"https:\/\/royal-panda.win\/sv\/","og_locale":"sv_SE","og_type":"article","og_title":"Royal Panda \u2460 De b\u00e4sta kasinospelen online och $ 1000 bonus","og_description":"Spela de b\u00e4sta online-slots p\u00e5 Royal Panda Casino. \u00d6ver 100 live dealer-bord f\u00f6r poker, rouletter och blackjack. \u2705 Njut av Royal Panda med bonus upp till $ 1000!","og_url":"https:\/\/royal-panda.win\/sv\/","og_site_name":"Royal Panda Casino","article_modified_time":"2025-08-11T12:32:38+00:00","og_image":[{"width":960,"height":540,"url":"http:\/\/royal-panda.win\/wp-content\/uploads\/2024\/11\/royal-panda-bonus.webp","type":"image\/webp"}],"twitter_card":"summary_large_image","twitter_misc":{"Est. reading time":"9 minuter"},"schema":{"@context":"https:\/\/schema.org","@graph":[{"@type":"WebPage","@id":"https:\/\/royal-panda.win\/sv\/","url":"https:\/\/royal-panda.win\/sv\/","name":"Royal Panda \u2460 De b\u00e4sta kasinospelen online och $ 1000 bonus","isPartOf":{"@id":"https:\/\/royal-panda.win\/sv\/#website"},"primaryImageOfPage":{"@id":"https:\/\/royal-panda.win\/sv\/#primaryimage"},"image":{"@id":"https:\/\/royal-panda.win\/sv\/#primaryimage"},"thumbnailUrl":"https:\/\/royal-panda.win\/wp-content\/uploads\/2024\/11\/royal-panda-bonus.webp","datePublished":"2024-05-23T12:32:17+00:00","dateModified":"2025-08-11T12:32:38+00:00","description":"Spela de b\u00e4sta online-slots p\u00e5 Royal Panda Casino. \u00d6ver 100 live dealer-bord f\u00f6r poker, rouletter och blackjack. \u2705 Njut av Royal Panda med bonus upp till $ 1000!","breadcrumb":{"@id":"https:\/\/royal-panda.win\/sv\/#breadcrumb"},"inLanguage":"sv-SE","potentialAction":[{"@type":"ReadAction","target":["https:\/\/royal-panda.win\/sv\/"]}]},{"@type":"ImageObject","inLanguage":"sv-SE","@id":"https:\/\/royal-panda.win\/sv\/#primaryimage","url":"https:\/\/royal-panda.win\/wp-content\/uploads\/2024\/11\/royal-panda-bonus.webp","contentUrl":"https:\/\/royal-panda.win\/wp-content\/uploads\/2024\/11\/royal-panda-bonus.webp","width":960,"height":540,"caption":"royal panda bonus"},{"@type":"BreadcrumbList","@id":"https:\/\/royal-panda.win\/sv\/#breadcrumb","itemListElement":[{"@type":"ListItem","position":1,"name":"Home","item":"https:\/\/royal-panda.win\/sv\/"},{"@type":"ListItem","position":2,"name":"Royal Panda &#8211; Live Casino och spelautomater"}]},{"@type":"WebSite","@id":"https:\/\/royal-panda.win\/sv\/#website","url":"https:\/\/royal-panda.win\/sv\/","name":"Royal Panda Casino","description":"","alternateName":"royal-panda.win","potentialAction":[{"@type":"SearchAction","target":{"@type":"EntryPoint","urlTemplate":"https:\/\/royal-panda.win\/sv\/?s={search_term_string}"},"query-input":{"@type":"PropertyValueSpecification","valueRequired":true,"valueName":"search_term_string"}}],"inLanguage":"sv-SE"}]}},"_links":{"self":[{"href":"https:\/\/royal-panda.win\/sv\/wp-json\/wp\/v2\/pages\/159"}],"collection":[{"href":"https:\/\/royal-panda.win\/sv\/wp-json\/wp\/v2\/pages"}],"about":[{"href":"https:\/\/royal-panda.win\/sv\/wp-json\/wp\/v2\/types\/page"}],"author":[{"embeddable":true,"href":"https:\/\/royal-panda.win\/sv\/wp-json\/wp\/v2\/users\/1"}],"replies":[{"embeddable":true,"href":"https:\/\/royal-panda.win\/sv\/wp-json\/wp\/v2\/comments?post=159"}],"version-history":[{"count":1,"href":"https:\/\/royal-panda.win\/sv\/wp-json\/wp\/v2\/pages\/159\/revisions"}],"predecessor-version":[{"id":164,"href":"https:\/\/royal-panda.win\/sv\/wp-json\/wp\/v2\/pages\/159\/revisions\/164"}],"wp:featuredmedia":[{"embeddable":true,"href":"https:\/\/royal-panda.win\/sv\/wp-json\/wp\/v2\/media\/109"}],"wp:attachment":[{"href":"https:\/\/royal-panda.win\/sv\/wp-json\/wp\/v2\/media?parent=159"}],"curies":[{"name":"wp","href":"https:\/\/api.w.org\/{rel}","templated":true}]}}